{"id":1038,"date":"2025-08-21T09:44:49","date_gmt":"2025-08-21T09:44:49","guid":{"rendered":"https:\/\/www.daandl.com\/evenements\/"},"modified":"2025-11-11T16:26:31","modified_gmt":"2025-11-11T16:26:31","slug":"evenemang","status":"publish","type":"page","link":"https:\/\/www.daandl.com\/sv\/evenemang\/","title":{"rendered":"\u00c9v\u00e8nements"},"content":{"rendered":"<p>[et_pb_section fb_built=&#8221;1&#8243; module_id=&#8221;evt-sec-1&#8243; _builder_version=&#8221;4.27.4&#8243; _module_preset=&#8221;default&#8221; background_video_mp4=&#8221;https:\/\/www.daandl.com\/wp-content\/uploads\/2025\/08\/Event_Daandl.mp4&#8243; height=&#8221;100vh&#8221; custom_padding=&#8221;0px||0px||true|false&#8221; global_colors_info=&#8221;{}&#8221;][\/et_pb_section][et_pb_section fb_built=&#8221;1&#8243; custom_padding_last_edited=&#8221;on|phone&#8221; module_id=&#8221;evt-sec-2&#8243; _builder_version=&#8221;4.27.4&#8243; _module_preset=&#8221;default&#8221; custom_padding=&#8221;0px||135px||false|false&#8221; custom_padding_tablet=&#8221;0px||135px||false|false&#8221; custom_padding_phone=&#8221;0px||100px||false|false&#8221; locked=&#8221;off&#8221; global_colors_info=&#8221;{}&#8221;][et_pb_row custom_padding_last_edited=&#8221;on|phone&#8221; module_id=&#8221;evt-row-1&#8243; _builder_version=&#8221;4.27.4&#8243; _module_preset=&#8221;default&#8221; custom_margin=&#8221;||||false|false&#8221; custom_padding=&#8221;129px||0px||false|false&#8221; custom_padding_tablet=&#8221;106px||0px||false|false&#8221; custom_padding_phone=&#8221;60px||0px||false|false&#8221; collapsed=&#8221;on&#8221; global_colors_info=&#8221;{}&#8221;][et_pb_column type=&#8221;4_4&#8243; _builder_version=&#8221;4.27.4&#8243; _module_preset=&#8221;default&#8221; global_colors_info=&#8221;{}&#8221;][et_pb_text module_class=&#8221;underline-c&#8221; _builder_version=&#8221;4.27.4&#8243; _module_preset=&#8221;default&#8221; header_2_font=&#8221;|||on|||||&#8221; header_2_text_align=&#8221;center&#8221; header_2_font_size=&#8221;25px&#8221; max_width=&#8221;722px&#8221; module_alignment=&#8221;center&#8221; custom_margin=&#8221;||35px||false|false&#8221; scroll_vertical_motion=&#8221;0|45|45|100|0.35|0|0&#8243; scroll_fade=&#8221;0|23|23|100|0|100|100&#8243; scroll_scaling=&#8221;0|45|45|100|95%|100|100&#8243; header_2_font_size_tablet=&#8221;25px&#8221; header_2_font_size_phone=&#8221;24px&#8221; header_2_font_size_last_edited=&#8221;on|phone&#8221; global_colors_info=&#8221;{}&#8221;]<\/p>\n<h2>Skr\u00e4ddarsydda evenemang: Varaktiga synergier mellan varum\u00e4rken och professionella partners<\/h2>\n<p>[\/et_pb_text][et_pb_text _builder_version=&#8221;4.27.4&#8243; _module_preset=&#8221;default&#8221; text_orientation=&#8221;justified&#8221; max_width=&#8221;625px&#8221; module_alignment=&#8221;center&#8221; scroll_vertical_motion=&#8221;0|45|45|100|0.35|0|0&#8243; scroll_fade=&#8221;0|23|23|100|0|100|100&#8243; scroll_scaling=&#8221;0|45|45|100|95%|100|100&#8243; global_colors_info=&#8221;{}&#8221;]<\/p>\n<p>Vi utvecklar och iscens\u00e4tter evenemang som fungerar som verkliga katalysatorer f\u00f6r meningsfulla m\u00f6ten mellan varum\u00e4rken, designers och inredningsarkitekter. Intima middagar, exklusiva cocktails, \u00f6ppet hus, individuella m\u00f6ten&#8230; Varje format \u00e4r noggrant anpassat f\u00f6r att fr\u00e4mja dialog, \u00f6msesidigt l\u00e4rande och etablering av l\u00e5ngsiktiga samarbeten. <\/p>\n<p>[\/et_pb_text][\/et_pb_column][\/et_pb_row][et_pb_row _builder_version=&#8221;4.27.4&#8243; _module_preset=&#8221;default&#8221; max_width=&#8221;625px&#8221; custom_margin=&#8221;129px||||false|false&#8221; custom_margin_tablet=&#8221;110px||||false|false&#8221; custom_margin_phone=&#8221;54px||||false|false&#8221; custom_margin_last_edited=&#8221;on|phone&#8221; custom_padding=&#8221;0px||0px||true|false&#8221; global_colors_info=&#8221;{}&#8221;][et_pb_column type=&#8221;4_4&#8243; _builder_version=&#8221;4.27.4&#8243; _module_preset=&#8221;default&#8221; global_colors_info=&#8221;{}&#8221;][et_pb_video src=&#8221;https:\/\/www.daandl.com\/wp-content\/uploads\/2025\/10\/Daandl_Loop_Events.mp4&#8243; module_class=&#8221;rc-video-autoplay&#8221; _builder_version=&#8221;4.27.4&#8243; _module_preset=&#8221;default&#8221; width=&#8221;495px&#8221; width_tablet=&#8221;495px&#8221; width_phone=&#8221;100vw&#8221; width_last_edited=&#8221;on|phone&#8221; module_alignment=&#8221;right&#8221; custom_margin_tablet=&#8221;&#8221; custom_margin_phone=&#8221;|||-10vw|false|false&#8221; custom_margin_last_edited=&#8221;on|phone&#8221; module_alignment_tablet=&#8221;right&#8221; module_alignment_phone=&#8221;&#8221; module_alignment_last_edited=&#8221;on|phone&#8221; custom_css_free_form=&#8221;@media (min-width: 767px){||  selector video{||    min-height:305px !important;||    object-fit:cover;||  }||}||@media (max-width: 767px){||  body #main-content selector{||    margin-left: -10vw !important;||  }||}&#8221; global_colors_info=&#8221;{}&#8221;][\/et_pb_video][\/et_pb_column][\/et_pb_row][et_pb_row column_structure=&#8221;3_5,2_5&#8243; use_custom_gutter=&#8221;on&#8221; gutter_width=&#8221;1&#8243; _builder_version=&#8221;4.27.4&#8243; _module_preset=&#8221;default&#8221; custom_padding=&#8221;0px||0px||true|false&#8221; global_colors_info=&#8221;{}&#8221;][et_pb_column type=&#8221;3_5&#8243; _builder_version=&#8221;4.27.4&#8243; _module_preset=&#8221;default&#8221; global_colors_info=&#8221;{}&#8221;][et_pb_text disabled_on=&#8221;on|off|off&#8221; _builder_version=&#8221;4.27.4&#8243; _module_preset=&#8221;default&#8221; text_text_color=&#8221;#FFFFFF&#8221; header_3_font=&#8221;|700||on|||||&#8221; header_3_text_align=&#8221;left&#8221; header_3_text_color=&#8221;#FFFFFF&#8221; header_3_font_size=&#8221;18px&#8221; header_3_letter_spacing=&#8221;0.1px&#8221; header_3_line_height=&#8221;1.45em&#8221; background_color=&#8221;gcid-primary-color&#8221; text_orientation=&#8221;justified&#8221; max_width=&#8221;494px&#8221; module_alignment=&#8221;right&#8221; custom_margin=&#8221;-58px||||false|false&#8221; custom_margin_tablet=&#8221;50px|||0px|false|false&#8221; custom_margin_phone=&#8221;30px|||0px|false|false&#8221; custom_margin_last_edited=&#8221;on|tablet&#8221; custom_padding=&#8221;70px|70px|70px|70px|true|true&#8221; scroll_vertical_motion=&#8221;0|45|45|100|0.35|0|0&#8243; scroll_fade=&#8221;0|23|23|100|0|100|100&#8243; scroll_scaling=&#8221;0|45|45|100|95%|100|100&#8243; module_alignment_tablet=&#8221;center&#8221; module_alignment_phone=&#8221;center&#8221; module_alignment_last_edited=&#8221;on|tablet&#8221; locked=&#8221;off&#8221; global_colors_info=&#8221;{%22gcid-primary-color%22:%91%22background_color%22%93}&#8221;]<\/p>\n<h3>Dessa exklusiva sammankomster \u00e4ger rum p\u00e5 noga utvalda<\/h3>\n<div style=\"margin-bottom: 25px;\">Platser och ger designers och inredningsarkitekter m\u00f6jlighet att uppleva B2B-kollektioner, h\u00e5llbara material och exklusivt hantverk p\u00e5 n\u00e4ra h\u00e5ll samtidigt som de skapar en personlig koppling till varje varum\u00e4rke. F\u00f6r varum\u00e4rken \u00e4r det ett gyllene tillf\u00e4lle att tr\u00e4ffa kvalificerade professionella partners som arbetar aktivt med projekt med stor potential en strategisk chans att bygga l\u00e5ngvariga relationer. <\/div>\n<p>Genom noggrann planering arrangerar vi individuella m\u00f6ten med syftet att skapa starka partnerskap mellan varum\u00e4rken, designers och inredningsarkitekter. Redan i f\u00f6rberedelsefasen st\u00f6ttar vi s\u00e4ljteam med detaljerade briefings och analys av m\u00f6jliga gemensamma projekt, f\u00f6r att s\u00e4kerst\u00e4lla relevanta och m\u00e5linriktade samtal. <\/p>\n<p>[\/et_pb_text][et_pb_text disabled_on=&#8221;off|on|on&#8221; module_class=&#8221;underline-c&#8221; _builder_version=&#8221;4.27.4&#8243; _module_preset=&#8221;default&#8221; header_2_font=&#8221;|||on|||||&#8221; header_2_text_align=&#8221;center&#8221; header_2_font_size=&#8221;25px&#8221; max_width=&#8221;722px&#8221; module_alignment=&#8221;center&#8221; custom_margin=&#8221;80px||35px||false|false&#8221; scroll_vertical_motion=&#8221;0|45|45|100|0.35|0|0&#8243; scroll_fade=&#8221;0|23|23|100|0|100|100&#8243; scroll_scaling=&#8221;0|45|45|100|95%|100|100&#8243; header_2_font_size_tablet=&#8221;25px&#8221; header_2_font_size_phone=&#8221;24px&#8221; header_2_font_size_last_edited=&#8221;on|phone&#8221; locked=&#8221;off&#8221; global_colors_info=&#8221;{}&#8221;]<\/p>\n<h2>Dessa exklusiva sammankomster \u00e4ger rum p\u00e5 noga utvalda<\/h2>\n<p>[\/et_pb_text][\/et_pb_column][et_pb_column type=&#8221;2_5&#8243; _builder_version=&#8221;4.27.4&#8243; _module_preset=&#8221;default&#8221; horizontal_offset=&#8221;0px&#8221; z_index=&#8221;4&#8243; global_colors_info=&#8221;{}&#8221;][et_pb_image src=&#8221;https:\/\/www.daandl.com\/wp-content\/uploads\/2025\/09\/Daandl_Evenements_Lieux_Architecture-\u00a9Geoffrey-Bellec-SOHO-Galaxy-Pekin-1.webp&#8221; title_text=&#8221;Daandl_Evenements_Lieux_Architecture \u00a9Geoffrey Bellec SOHO Galaxy Pekin&#8221; src_tablet=&#8221;https:\/\/www.daandl.com\/wp-content\/uploads\/2025\/08\/Rectangle-73.png&#8221; src_phone=&#8221;https:\/\/www.daandl.com\/wp-content\/uploads\/2025\/08\/Rectangle-74.png&#8221; src_last_edited=&#8221;on|phone&#8221; align_tablet=&#8221;center&#8221; align_phone=&#8221;center&#8221; align_last_edited=&#8221;on|tablet&#8221; _builder_version=&#8221;4.27.4&#8243; _module_preset=&#8221;default&#8221; max_width=&#8221;318px&#8221; max_width_tablet=&#8221;318px&#8221; max_width_phone=&#8221;318px&#8221; max_width_last_edited=&#8221;on|desktop&#8221; custom_margin=&#8221;262px|||-30px|false|false&#8221; custom_margin_tablet=&#8221;50px|||-30px|false|false&#8221; custom_margin_phone=&#8221;0px|||0px|false|false&#8221; custom_margin_last_edited=&#8221;on|tablet&#8221; scroll_vertical_motion=&#8221;0|45|45|100|0.35|0|0&#8243; scroll_fade=&#8221;0|23|23|100|0|100|100&#8243; scroll_scaling=&#8221;0|45|45|100|95%|100|100&#8243; custom_css_free_form=&#8221;@media (max-width:500px){||  selector img,||   selector .et_pb_image_wrap {||    width:100% !important;||  }||}&#8221; global_colors_info=&#8221;{}&#8221;][\/et_pb_image][et_pb_text disabled_on=&#8221;off|on|on&#8221; _builder_version=&#8221;4.27.4&#8243; _module_preset=&#8221;default&#8221; text_font_size=&#8221;18px&#8221; text_line_height=&#8221;1.55em&#8221; text_orientation=&#8221;justified&#8221; custom_margin=&#8221;40px||||false|false&#8221; scroll_vertical_motion=&#8221;0|45|45|100|0.35|0|0&#8243; scroll_fade=&#8221;0|23|23|100|0|100|100&#8243; scroll_scaling=&#8221;0|45|45|100|95%|100|100&#8243; global_colors_info=&#8221;{}&#8221;]<\/p>\n<p>Platser och ger designers och inredningsarkitekter m\u00f6jlighet att uppleva B2B-kollektioner, h\u00e5llbara material och exklusivt hantverk p\u00e5 n\u00e4ra h\u00e5ll samtidigt som de skapar en personlig koppling till varje varum\u00e4rke. F\u00f6r varum\u00e4rken \u00e4r det ett gyllene tillf\u00e4lle att tr\u00e4ffa kvalificerade professionella partners som arbetar aktivt med projekt med stor potential en strategisk chans att bygga l\u00e5ngvariga relationer. <\/p>\n<p>Genom noggrann planering arrangerar vi individuella m\u00f6ten med syftet att skapa starka partnerskap mellan varum\u00e4rken, designers och inredningsarkitekter. Redan i f\u00f6rberedelsefasen st\u00f6ttar vi s\u00e4ljteam med detaljerade briefings och analys av m\u00f6jliga gemensamma projekt, f\u00f6r att s\u00e4kerst\u00e4lla relevanta och m\u00e5linriktade samtal. <\/p>\n<p>[\/et_pb_text][\/et_pb_column][\/et_pb_row][\/et_pb_section][et_pb_section fb_built=&#8221;1&#8243; custom_padding_last_edited=&#8221;on|tablet&#8221; module_id=&#8221;evt-sec-3&#8243; _builder_version=&#8221;4.27.4&#8243; _module_preset=&#8221;default&#8221; background_color=&#8221;#000000&#8243; background_image=&#8221;https:\/\/www.daandl.com\/wp-content\/uploads\/2025\/08\/cover_events_banner.webp&#8221; custom_padding=&#8221;265px||265px||true|false&#8221; custom_padding_tablet=&#8221;200px||200px||true|false&#8221; custom_padding_phone=&#8221;147.5px||147.5px||true|false&#8221; hover_enabled=&#8221;0&#8243; global_colors_info=&#8221;{}&#8221; sticky_enabled=&#8221;0&#8243;][et_pb_row _builder_version=&#8221;4.27.4&#8243; _module_preset=&#8221;default&#8221; custom_padding=&#8221;0px||0px||true|false&#8221; global_colors_info=&#8221;{}&#8221;][et_pb_column type=&#8221;4_4&#8243; _builder_version=&#8221;4.27.4&#8243; _module_preset=&#8221;default&#8221; global_colors_info=&#8221;{}&#8221;][et_pb_text _builder_version=&#8221;4.27.4&#8243; _module_preset=&#8221;default&#8221; text_text_color=&#8221;#FFFFFF&#8221; text_font_size=&#8221;16px&#8221; text_orientation=&#8221;justified&#8221; max_width=&#8221;620px&#8221; module_alignment=&#8221;center&#8221; scroll_vertical_motion=&#8221;0|30|30|100|0.35|0|0&#8243; scroll_fade=&#8221;0|23|23|100|0|100|100&#8243; scroll_scaling=&#8221;0|30|30|100|95%|100|100&#8243; global_colors_info=&#8221;{}&#8221;]<\/p>\n<p>Detta arbetss\u00e4tt m\u00f6jligg\u00f6r effektiva och personliga m\u00f6ten i linje med varje deltagares m\u00e5l. Varum\u00e4rken f\u00e5r \u00f6kad synlighet och aff\u00e4rspotential, medan designers och inredningsarkitekter f\u00e5r tillg\u00e5ng till nya resurser, st\u00e4rker sina n\u00e4tverk och uppt\u00e4cker konkreta samarbetstillf\u00e4llen.V\u00e5r ambition: att g\u00f6ra varje evenemang till mer \u00e4n bara ett enskilt tillf\u00e4lle till en verklig plattform f\u00f6r meningsfulla, varaktiga och \u00f6msesidigt v\u00e4rdefulla synergier.  <\/p>\n<p>[\/et_pb_text][\/et_pb_column][\/et_pb_row][\/et_pb_section]<\/p>\n","protected":false},"excerpt":{"rendered":"<p>Skr\u00e4ddarsydda evenemang: Varaktiga synergier mellan varum\u00e4rken och professionella partnersVi utvecklar och iscens\u00e4tter evenemang som fungerar som verkliga katalysatorer f\u00f6r meningsfulla m\u00f6ten mellan varum\u00e4rken, designers och inredningsarkitekter. Intima middagar, exklusiva cocktails, \u00f6ppet hus, individuella m\u00f6ten&#8230; Varje format \u00e4r noggrant anpassat f\u00f6r att fr\u00e4mja dialog, \u00f6msesidigt l\u00e4rande och etablering av l\u00e5ngsiktiga samarbeten. Dessa exklusiva sammankomster \u00e4ger rum [&hellip;]<\/p>\n","protected":false},"author":2,"featured_media":0,"parent":0,"menu_order":0,"comment_status":"closed","ping_status":"closed","template":"","meta":{"_et_pb_use_builder":"on","_et_pb_old_content":"","_et_gb_content_width":"","inline_featured_image":false,"footnotes":""},"class_list":["post-1038","page","type-page","status-publish","hentry"],"_links":{"self":[{"href":"https:\/\/www.daandl.com\/sv\/wp-json\/wp\/v2\/pages\/1038","targetHints":{"allow":["GET"]}}],"collection":[{"href":"https:\/\/www.daandl.com\/sv\/wp-json\/wp\/v2\/pages"}],"about":[{"href":"https:\/\/www.daandl.com\/sv\/wp-json\/wp\/v2\/types\/page"}],"author":[{"embeddable":true,"href":"https:\/\/www.daandl.com\/sv\/wp-json\/wp\/v2\/users\/2"}],"replies":[{"embeddable":true,"href":"https:\/\/www.daandl.com\/sv\/wp-json\/wp\/v2\/comments?post=1038"}],"version-history":[{"count":22,"href":"https:\/\/www.daandl.com\/sv\/wp-json\/wp\/v2\/pages\/1038\/revisions"}],"predecessor-version":[{"id":2595,"href":"https:\/\/www.daandl.com\/sv\/wp-json\/wp\/v2\/pages\/1038\/revisions\/2595"}],"wp:attachment":[{"href":"https:\/\/www.daandl.com\/sv\/wp-json\/wp\/v2\/media?parent=1038"}],"curies":[{"name":"wp","href":"https:\/\/api.w.org\/{rel}","templated":true}]}}