{"id":2840,"date":"2025-11-26T12:58:11","date_gmt":"2025-11-26T12:58:11","guid":{"rendered":"https:\/\/www.daandl.com\/club\/"},"modified":"2026-02-20T15:58:11","modified_gmt":"2026-02-20T15:58:11","slug":"club","status":"publish","type":"page","link":"https:\/\/www.daandl.com\/no\/club\/","title":{"rendered":"Club"},"content":{"rendered":"<p>[et_pb_section fb_built=&raquo;1&#8243; custom_padding_last_edited=&raquo;on|phone&raquo; module_id=&raquo;club-sec-1&#8243; _builder_version=&raquo;4.27.4&#8243; _module_preset=&raquo;default&raquo; background_color=&raquo;#000000&#8243; custom_margin=&raquo;||||false|false&raquo; custom_padding=&raquo;181px||||false|false&raquo; custom_padding_tablet=&raquo;181px||||false|false&raquo; custom_padding_phone=&raquo;100px||||false|false&raquo; global_colors_info=&raquo;{}&raquo;][et_pb_row column_structure=&raquo;1_2,1_2&#8243; use_custom_gutter=&raquo;on&raquo; custom_padding_last_edited=&raquo;on|phone&raquo; module_id=&raquo;club-row-1&#8243; module_class=&raquo;invert-col&raquo; _builder_version=&raquo;4.27.4&#8243; _module_preset=&raquo;default&raquo; max_width=&raquo;1185px&raquo; custom_margin=&raquo;||||false|false&raquo; custom_margin_tablet=&raquo;||||false|false&raquo; custom_margin_phone=&raquo;||0px||false|false&raquo; custom_margin_last_edited=&raquo;on|phone&raquo; custom_padding=&raquo;0px||88px||false|false&raquo; custom_padding_tablet=&raquo;0px||88px||false|false&raquo; custom_padding_phone=&raquo;||0px||false|false&raquo; animation_style=&raquo;fade&raquo; animation_duration=&raquo;800ms&raquo; animation_starting_opacity=&raquo;25%&raquo; border_width_bottom=&raquo;1px&raquo; border_color_bottom=&raquo;#FFFFFF&raquo; global_colors_info=&raquo;{}&raquo;][et_pb_column type=&raquo;1_2&#8243; _builder_version=&raquo;4.27.4&#8243; _module_preset=&raquo;default&raquo; global_colors_info=&raquo;{}&raquo;][et_pb_text _builder_version=&raquo;4.27.4&#8243; _module_preset=&raquo;default&raquo; header_font=&raquo;Brandon regular|700||on|||||&raquo; header_text_color=&raquo;#FFFFFF&raquo; header_font_size=&raquo;42px&raquo; header_letter_spacing=&raquo;0.5px&raquo; header_line_height=&raquo;1.3em&raquo; max_width=&raquo;500px&raquo; max_width_tablet=&raquo;100%&raquo; max_width_phone=&raquo;100%&raquo; max_width_last_edited=&raquo;on|tablet&raquo; custom_margin=&raquo;||40px||false|false&raquo; custom_margin_tablet=&raquo;||40px||false|false&raquo; custom_margin_phone=&raquo;||10px||false|false&raquo; custom_margin_last_edited=&raquo;on|phone&raquo; header_font_size_tablet=&raquo;42px&raquo; header_font_size_phone=&raquo;22px&raquo; header_font_size_last_edited=&raquo;on|phone&raquo; global_colors_info=&raquo;{}&raquo;]<\/p>\n<h1>Det ledende europeiske nettverket for akt\u00f8rer innen interi\u00f8rdesign<\/h1>\n<p>[\/et_pb_text][et_pb_text _builder_version=&raquo;4.27.4&#8243; _module_preset=&raquo;default&raquo; text_text_color=&raquo;#FFFFFF&raquo; text_orientation=&raquo;justified&raquo; max_width=&raquo;450px&raquo; max_width_tablet=&raquo;100%&raquo; max_width_phone=&raquo;100%&raquo; max_width_last_edited=&raquo;on|tablet&raquo; custom_margin_tablet=&raquo;&raquo; custom_margin_phone=&raquo;||18px||false|false&raquo; custom_margin_last_edited=&raquo;on|phone&raquo; global_colors_info=&raquo;{}&raquo;]<\/p>\n<p>Med sin Club inviterer Daandl arkitekter og designere til \u00e5 bli en del av et eksklusivt nettverk dedikert til kreativitet, kunnskapsdeling og inspirasjon. Club Daandl er skapt som en fortrolig krets der medlemmene f\u00e5r en sterk stemme, \u00f8kt synlighet og privilegert tilgang til et internasjonalt \u00f8kosystem av merkevarer og talenter. <\/p>\n<p>Daandl er etablert ut fra \u00f8nsket om \u00e5 samle og knytte sammen alle akt\u00f8rer innen interi\u00f8rdesign. Denne visjonen videref\u00f8res gjennom Club Daandl \u2013 et unikt nettverk som fungerer som en bro mellom kreativitet og nye muligheter. Initiativene bygger p\u00e5 tre grunnpilarer: \u00e5 l\u00f8fte frem inspirerende prosjekter, skape meningsfulle m\u00f8ter mellom fagfeller og stimulere nysgjerrighet gjennom eksklusive opplevelser. <\/p>\n<p>[\/et_pb_text][\/et_pb_column][et_pb_column type=&raquo;1_2&#8243; _builder_version=&raquo;4.27.4&#8243; _module_preset=&raquo;default&raquo; global_colors_info=&raquo;{}&raquo;][et_pb_image src=&raquo;https:\/\/www.daandl.com\/wp-content\/uploads\/2026\/02\/reseau.webp&raquo; title_text=&raquo;reseau&raquo; align_tablet=&raquo;&raquo; align_phone=&raquo;&raquo; align_last_edited=&raquo;on|tablet&raquo; module_id=&raquo;club-row-1-img&raquo; _builder_version=&raquo;4.27.4&#8243; _module_preset=&raquo;default&raquo; max_width=&raquo;569px&raquo; min_height_tablet=&raquo;&raquo; min_height_phone=&raquo;457px&raquo; min_height_last_edited=&raquo;on|phone&raquo; height=&raquo;550px&raquo; height_tablet=&raquo;550px&raquo; height_phone=&raquo;auto&raquo; height_last_edited=&raquo;on|phone&raquo; custom_margin=&raquo;||0px||false|false&raquo; custom_margin_tablet=&raquo;||35px||false|false&raquo; custom_margin_phone=&raquo;||35px||false|false&raquo; custom_margin_last_edited=&raquo;on|tablet&raquo; custom_css_free_form=&raquo;selector img{||  object-fit: cover;||  object-position: left;||}||@media (max-width:767px){||  selector img{||    object-position: center;||  }||}&raquo; global_colors_info=&raquo;{}&raquo;][\/et_pb_image][\/et_pb_column][\/et_pb_row][et_pb_row column_structure=&raquo;2_5,3_5&#8243; use_custom_gutter=&raquo;on&raquo; gutter_width=&raquo;1&#8243; make_equal=&raquo;on&raquo; custom_padding_last_edited=&raquo;on|phone&raquo; _builder_version=&raquo;4.27.4&#8243; _module_preset=&raquo;default&raquo; max_width=&raquo;1185px&raquo; custom_padding=&raquo;85px||85px||true|false&raquo; custom_padding_tablet=&raquo;85px||85px||true|false&raquo; custom_padding_phone=&raquo;30px||70px||false|false&raquo; animation_style=&raquo;fade&raquo; animation_duration=&raquo;800ms&raquo; animation_starting_opacity=&raquo;25%&raquo; border_width_bottom=&raquo;1px&raquo; border_color_bottom=&raquo;#FFFFFF&raquo; global_colors_info=&raquo;{}&raquo;][et_pb_column type=&raquo;2_5&#8243; _builder_version=&raquo;4.27.4&#8243; _module_preset=&raquo;default&raquo; global_colors_info=&raquo;{}&raquo;][et_pb_image src=&raquo;https:\/\/www.daandl.com\/wp-content\/uploads\/2026\/02\/communaute.webp&raquo; title_text=&raquo;communaute&raquo; align_tablet=&raquo;left&raquo; align_phone=&raquo;right&raquo; align_last_edited=&raquo;on|tablet&raquo; module_id=&raquo;club-row-1-img&raquo; _builder_version=&raquo;4.27.4&#8243; _module_preset=&raquo;default&raquo; max_width=&raquo;381px&raquo; min_height_tablet=&raquo;&raquo; min_height_phone=&raquo;551px&raquo; min_height_last_edited=&raquo;on|phone&raquo; height=&raquo;550px&raquo; height_tablet=&raquo;550px&raquo; height_phone=&raquo;auto&raquo; height_last_edited=&raquo;on|phone&raquo; max_height_tablet=&raquo;&raquo; max_height_phone=&raquo;75vh&raquo; max_height_last_edited=&raquo;on|phone&raquo; custom_margin=&raquo;|50px|||false|false&raquo; custom_margin_tablet=&raquo;30px|0px|42px||false|false&raquo; custom_margin_phone=&raquo;|0px|43px||false|false&raquo; custom_margin_last_edited=&raquo;on|tablet&raquo; custom_css_free_form=&raquo;selector img{||  object-fit: cover;||  object-position: left;||}&raquo; global_colors_info=&raquo;{}&raquo;][\/et_pb_image][\/et_pb_column][et_pb_column type=&raquo;3_5&#8243; module_class=&raquo;vertical-center&raquo; _builder_version=&raquo;4.27.4&#8243; _module_preset=&raquo;default&raquo; global_colors_info=&raquo;{}&raquo;][et_pb_image src=&raquo;https:\/\/www.daandl.com\/wp-content\/uploads\/2025\/11\/Group-169.png&raquo; title_text=&raquo;Group 169&#8243; align_tablet=&raquo;right&raquo; align_last_edited=&raquo;off|tablet&raquo; _builder_version=&raquo;4.27.4&#8243; _module_preset=&raquo;default&raquo; custom_margin=&raquo;||15px||false|false&raquo; global_colors_info=&raquo;{}&raquo;][\/et_pb_image][et_pb_text _builder_version=&raquo;4.27.4&#8243; _module_preset=&raquo;default&raquo; header_2_font=&raquo;Brandon regular|700||on|||||&raquo; header_2_text_color=&raquo;#FFFFFF&raquo; header_2_font_size=&raquo;42px&raquo; header_2_letter_spacing=&raquo;0.5px&raquo; header_2_line_height=&raquo;1.3em&raquo; custom_margin=&raquo;||40px||false|false&raquo; custom_margin_tablet=&raquo;||40px||false|false&raquo; custom_margin_phone=&raquo;||10px||false|false&raquo; custom_margin_last_edited=&raquo;on|phone&raquo; header_2_text_align_tablet=&raquo;right&raquo; header_2_text_align_last_edited=&raquo;off|tablet&raquo; header_2_font_size_tablet=&raquo;42px&raquo; header_2_font_size_phone=&raquo;22px&raquo; header_2_font_size_last_edited=&raquo;on|phone&raquo; global_colors_info=&raquo;{}&raquo;]<\/p>\n<h2>Ambisjonen er \u00e5 bygge et engasjert, nysgjerrig og innflytelsesrikt europeisk fellesskap.<\/h2>\n<p>[\/et_pb_text][et_pb_text _builder_version=&raquo;4.27.4&#8243; _module_preset=&raquo;default&raquo; text_text_color=&raquo;#FFFFFF&raquo; text_orientation=&raquo;justified&raquo; global_colors_info=&raquo;{}&raquo;]<\/p>\n<div class=\"club-txt-wrap\">\n<div>Som medlem av Club Daandl f\u00e5r du tilgang til et skreddersydd opplevelsesprogram: eksklusive bes\u00f8k bak kulissene p\u00e5 messer, vernissasjer og utstillinger, deltakelse i talks, synlighet p\u00e5 Daandls plattformer samt private m\u00f8ter med n\u00f8kkelakt\u00f8rer i bransjen.<\/div>\n<div>Club Daandl representerer en ny m\u00e5te \u00e5 aktivere og utvikle sitt profesjonelle nettverk p\u00e5 \u2013 samtidig som det \u00e5pner d\u00f8ren til nye samarbeid og st\u00f8rre gjennomslagskraft. Et reelt springbrett for \u00e5 realisere flere prosjekter, styrke sin profesjonelle identitet og fremme kreativ ekspertise p\u00e5 europeisk niv\u00e5. <\/div>\n<\/div>\n<p>[\/et_pb_text][\/et_pb_column][\/et_pb_row][et_pb_row column_structure=&raquo;1_2,1_2&#8243; make_equal=&raquo;on&raquo; custom_padding_last_edited=&raquo;on|desktop&raquo; module_id=&raquo;club-form&raquo; _builder_version=&raquo;4.27.4&#8243; _module_preset=&raquo;default&raquo; custom_padding=&raquo;256px||293px||false|false&raquo; custom_padding_tablet=&raquo;256px||293px||false|false&raquo; custom_padding_phone=&raquo;92px||85px||false|false&raquo; global_colors_info=&raquo;{}&raquo;][et_pb_column type=&raquo;1_2&#8243; module_class=&raquo;vertical-center&raquo; _builder_version=&raquo;4.27.4&#8243; _module_preset=&raquo;default&raquo; global_colors_info=&raquo;{}&raquo;][et_pb_text _builder_version=&raquo;4.27.4&#8243; _module_preset=&raquo;default&raquo; text_text_color=&raquo;#FFFFFF&raquo; header_2_font=&raquo;Brandon regular|700||on|||||&raquo; header_2_text_color=&raquo;#FFFFFF&raquo; header_2_font_size=&raquo;42px&raquo; header_2_letter_spacing=&raquo;0.5px&raquo; header_2_line_height=&raquo;1.3em&raquo; custom_margin=&raquo;||||false|false&raquo; custom_margin_tablet=&raquo;||||false|false&raquo; custom_margin_phone=&raquo;||70px||false|false&raquo; custom_margin_last_edited=&raquo;on|phone&raquo; header_2_font_size_tablet=&raquo;42px&raquo; header_2_font_size_phone=&raquo;&raquo; header_2_font_size_last_edited=&raquo;on|phone&raquo; text_orientation_tablet=&raquo;&raquo; text_orientation_phone=&raquo;center&raquo; text_orientation_last_edited=&raquo;on|phone&raquo; global_colors_info=&raquo;{}&raquo;]<\/p>\n<h2>Tilgang til<br \/>klubben<\/h2>\n<p>\u00d8nsker du \u00e5 bli medlem av klubben v\u00e5r?<br \/>Be om din personlige tilgang.<\/p>\n<p>[\/et_pb_text][\/et_pb_column][et_pb_column type=&raquo;1_2&#8243; module_class=&raquo;vertical-center&raquo; _builder_version=&raquo;4.27.4&#8243; _module_preset=&raquo;default&raquo; global_colors_info=&raquo;{}&raquo;][et_pb_contact_form use_spam_service=&raquo;on&raquo; recaptcha_list=&raquo;Daandl|Daandl-0&#8243; email=&raquo;pernille@daandl.com&raquo; custom_message=&raquo;Nouveau message sur la page Club de Daandl||et_pb_line_break_holder||||et_pb_line_break_holder||Cabinet \/ Studio : %%Cabinet%%||et_pb_line_break_holder||Nom : %%Nom%%||et_pb_line_break_holder||Pr\u00e9nom : %%Pr\u00e9nom%%||et_pb_line_break_holder||Email : %%Email%%&raquo; success_message=&raquo;Bienvenu dans le club Daandl, nous revenons vers vous rapidement&raquo; submit_button_text=&raquo;Send&raquo; _builder_version=&raquo;4.27.4&#8243; _module_preset=&raquo;default&raquo; _unique_id=&raquo;155e14fd-0b89-49a2-9be7-4c6179c53338&#8243; form_field_background_color=&raquo;RGBA(255,255,255,0)&raquo; form_field_text_color=&raquo;#FFFFFF&raquo; form_field_focus_text_color=&raquo;#FFFFFF&raquo; form_field_custom_padding=&raquo;||8px|0px|false|false&raquo; form_field_font_size=&raquo;21px&raquo; custom_button=&raquo;on&raquo; button_text_size=&raquo;21px&raquo; button_text_color=&raquo;#000000&#8243; button_bg_color=&raquo;#FFFFFF&raquo; button_border_width=&raquo;1px&raquo; button_border_color=&raquo;#FFFFFF&raquo; button_border_radius=&raquo;0px&raquo; button_font=&raquo;|600|||||||&raquo; button_use_icon=&raquo;off&raquo; custom_padding=&raquo;|||10px|false|false&raquo; hover_enabled=&raquo;0&#8243; button_bg_color_last_edited=&raquo;off|desktop&raquo; custom_css_free_form=&raquo;selector button.et_pb_contact_submit.et_pb_button {||    width: 100%;||    margin-left: 0px;||    margin-top: 20px;||}||||selector .et_contact_bottom_container {||    width: 100%;||}||||selector p.et_pb_contact_field {||    padding-left: 0px;||}||||selector .et-pb-contact-message {||    color: white;||    margin-bottom: 20px;||}||||selector .et-pb-contact-message ul {||    padding-bottom: 0px;||}&raquo; border_width_bottom=&raquo;1px&raquo; border_color_bottom=&raquo;#FFFFFF&raquo; global_colors_info=&raquo;{}&raquo; button_text_color__hover_enabled=&raquo;on|hover&raquo; button_text_color__hover=&raquo;#FFFFFF&raquo; button_bg_color__hover_enabled=&raquo;on|hover&raquo; button_bg_color__hover=&raquo;RGBA(255,255,255,0)&raquo; button_bg_enable_color__hover=&raquo;on&raquo; sticky_enabled=&raquo;0&#8243;][et_pb_contact_field field_id=&raquo;Cabinet&raquo; field_title=&raquo;Navn p\u00e5 studioet&raquo; required_mark=&raquo;off&raquo; fullwidth_field=&raquo;on&raquo; _builder_version=&raquo;4.27.4&#8243; global_colors_info=&raquo;{}&raquo; button_text_size__hover_enabled=&raquo;off&raquo; button_one_text_size__hover_enabled=&raquo;off&raquo; button_two_text_size__hover_enabled=&raquo;off&raquo; button_text_color__hover_enabled=&raquo;off&raquo; button_one_text_color__hover_enabled=&raquo;off&raquo; button_two_text_color__hover_enabled=&raquo;off&raquo; button_border_width__hover_enabled=&raquo;off&raquo; button_one_border_width__hover_enabled=&raquo;off&raquo; button_two_border_width__hover_enabled=&raquo;off&raquo; button_border_color__hover_enabled=&raquo;off&raquo; button_one_border_color__hover_enabled=&raquo;off&raquo; button_two_border_color__hover_enabled=&raquo;off&raquo; button_border_radius__hover_enabled=&raquo;off&raquo; button_one_border_radius__hover_enabled=&raquo;off&raquo; button_two_border_radius__hover_enabled=&raquo;off&raquo; button_letter_spacing__hover_enabled=&raquo;off&raquo; button_one_letter_spacing__hover_enabled=&raquo;off&raquo; button_two_letter_spacing__hover_enabled=&raquo;off&raquo; button_bg_color__hover_enabled=&raquo;off&raquo; button_one_bg_color__hover_enabled=&raquo;off&raquo; button_two_bg_color__hover_enabled=&raquo;off&raquo;][\/et_pb_contact_field][et_pb_contact_field field_id=&raquo;Nom&raquo; field_title=&raquo;Etternavn&raquo; fullwidth_field=&raquo;on&raquo; _builder_version=&raquo;4.27.4&#8243; global_colors_info=&raquo;{}&raquo; button_text_size__hover_enabled=&raquo;off&raquo; button_one_text_size__hover_enabled=&raquo;off&raquo; button_two_text_size__hover_enabled=&raquo;off&raquo; button_text_color__hover_enabled=&raquo;off&raquo; button_one_text_color__hover_enabled=&raquo;off&raquo; button_two_text_color__hover_enabled=&raquo;off&raquo; button_border_width__hover_enabled=&raquo;off&raquo; button_one_border_width__hover_enabled=&raquo;off&raquo; button_two_border_width__hover_enabled=&raquo;off&raquo; button_border_color__hover_enabled=&raquo;off&raquo; button_one_border_color__hover_enabled=&raquo;off&raquo; button_two_border_color__hover_enabled=&raquo;off&raquo; button_border_radius__hover_enabled=&raquo;off&raquo; button_one_border_radius__hover_enabled=&raquo;off&raquo; button_two_border_radius__hover_enabled=&raquo;off&raquo; button_letter_spacing__hover_enabled=&raquo;off&raquo; button_one_letter_spacing__hover_enabled=&raquo;off&raquo; button_two_letter_spacing__hover_enabled=&raquo;off&raquo; button_bg_color__hover_enabled=&raquo;off&raquo; button_one_bg_color__hover_enabled=&raquo;off&raquo; button_two_bg_color__hover_enabled=&raquo;off&raquo;][\/et_pb_contact_field][et_pb_contact_field field_id=&raquo;Pr\u00e9nom&raquo; field_title=&raquo;Fornavn&raquo; fullwidth_field=&raquo;on&raquo; _builder_version=&raquo;4.27.4&#8243; global_colors_info=&raquo;{}&raquo; button_text_size__hover_enabled=&raquo;off&raquo; button_one_text_size__hover_enabled=&raquo;off&raquo; button_two_text_size__hover_enabled=&raquo;off&raquo; button_text_color__hover_enabled=&raquo;off&raquo; button_one_text_color__hover_enabled=&raquo;off&raquo; button_two_text_color__hover_enabled=&raquo;off&raquo; button_border_width__hover_enabled=&raquo;off&raquo; button_one_border_width__hover_enabled=&raquo;off&raquo; button_two_border_width__hover_enabled=&raquo;off&raquo; button_border_color__hover_enabled=&raquo;off&raquo; button_one_border_color__hover_enabled=&raquo;off&raquo; button_two_border_color__hover_enabled=&raquo;off&raquo; button_border_radius__hover_enabled=&raquo;off&raquo; button_one_border_radius__hover_enabled=&raquo;off&raquo; button_two_border_radius__hover_enabled=&raquo;off&raquo; button_letter_spacing__hover_enabled=&raquo;off&raquo; button_one_letter_spacing__hover_enabled=&raquo;off&raquo; button_two_letter_spacing__hover_enabled=&raquo;off&raquo; button_bg_color__hover_enabled=&raquo;off&raquo; button_one_bg_color__hover_enabled=&raquo;off&raquo; button_two_bg_color__hover_enabled=&raquo;off&raquo;][\/et_pb_contact_field][et_pb_contact_field field_id=&raquo;Email&raquo; field_title=&raquo;E-postadresse&raquo; field_type=&raquo;email&raquo; fullwidth_field=&raquo;on&raquo; _builder_version=&raquo;4.27.4&#8243; global_colors_info=&raquo;{}&raquo; button_text_size__hover_enabled=&raquo;off&raquo; button_one_text_size__hover_enabled=&raquo;off&raquo; button_two_text_size__hover_enabled=&raquo;off&raquo; button_text_color__hover_enabled=&raquo;off&raquo; button_one_text_color__hover_enabled=&raquo;off&raquo; button_two_text_color__hover_enabled=&raquo;off&raquo; button_border_width__hover_enabled=&raquo;off&raquo; button_one_border_width__hover_enabled=&raquo;off&raquo; button_two_border_width__hover_enabled=&raquo;off&raquo; button_border_color__hover_enabled=&raquo;off&raquo; button_one_border_color__hover_enabled=&raquo;off&raquo; button_two_border_color__hover_enabled=&raquo;off&raquo; button_border_radius__hover_enabled=&raquo;off&raquo; button_one_border_radius__hover_enabled=&raquo;off&raquo; button_two_border_radius__hover_enabled=&raquo;off&raquo; button_letter_spacing__hover_enabled=&raquo;off&raquo; button_one_letter_spacing__hover_enabled=&raquo;off&raquo; button_two_letter_spacing__hover_enabled=&raquo;off&raquo; button_bg_color__hover_enabled=&raquo;off&raquo; button_one_bg_color__hover_enabled=&raquo;off&raquo; button_two_bg_color__hover_enabled=&raquo;off&raquo;][\/et_pb_contact_field][\/et_pb_contact_form][\/et_pb_column][\/et_pb_row][et_pb_row make_equal=&raquo;on&raquo; custom_padding_last_edited=&raquo;on|phone&raquo; module_id=&raquo;club-message-success&raquo; _builder_version=&raquo;4.27.4&#8243; _module_preset=&raquo;default&raquo; custom_padding=&raquo;300px||293px||false|false&raquo; custom_padding_tablet=&raquo;300px||293px||false|false&raquo; custom_padding_phone=&raquo;200px||200px||false|false&raquo; global_colors_info=&raquo;{}&raquo;][et_pb_column type=&raquo;4_4&#8243; module_class=&raquo;vertical-center&raquo; _builder_version=&raquo;4.27.4&#8243; _module_preset=&raquo;default&raquo; global_colors_info=&raquo;{}&raquo;][et_pb_text _builder_version=&raquo;4.27.4&#8243; _module_preset=&raquo;default&raquo; text_text_color=&raquo;#FFFFFF&raquo; text_font_size=&raquo;32px&raquo; text_line_height=&raquo;1.2em&raquo; text_orientation=&raquo;center&raquo; global_colors_info=&raquo;{}&raquo;]<\/p>\n<p><strong>Velkommen til Daandl-klubben,<\/strong><br \/>vi kommer tilbake til deg s\u00e5 snart som mulig.<\/p>\n<p>[\/et_pb_text][\/et_pb_column][\/et_pb_row][\/et_pb_section]<\/p>\n","protected":false},"excerpt":{"rendered":"<p>Det ledende europeiske nettverket for akt\u00f8rer innen interi\u00f8rdesignMed sin Club inviterer Daandl arkitekter og designere til \u00e5 bli en del av et eksklusivt nettverk dedikert til kreativitet, kunnskapsdeling og inspirasjon. Club Daandl er skapt som en fortrolig krets der medlemmene f\u00e5r en sterk stemme, \u00f8kt synlighet og privilegert tilgang til et internasjonalt \u00f8kosystem av merkevarer [&hellip;]<\/p>\n","protected":false},"author":2,"featured_media":0,"parent":0,"menu_order":0,"comment_status":"closed","ping_status":"closed","template":"","meta":{"_et_pb_use_builder":"on","_et_pb_old_content":"","_et_gb_content_width":"","inline_featured_image":false,"footnotes":""},"class_list":["post-2840","page","type-page","status-publish","hentry"],"_links":{"self":[{"href":"https:\/\/www.daandl.com\/no\/wp-json\/wp\/v2\/pages\/2840","targetHints":{"allow":["GET"]}}],"collection":[{"href":"https:\/\/www.daandl.com\/no\/wp-json\/wp\/v2\/pages"}],"about":[{"href":"https:\/\/www.daandl.com\/no\/wp-json\/wp\/v2\/types\/page"}],"author":[{"embeddable":true,"href":"https:\/\/www.daandl.com\/no\/wp-json\/wp\/v2\/users\/2"}],"replies":[{"embeddable":true,"href":"https:\/\/www.daandl.com\/no\/wp-json\/wp\/v2\/comments?post=2840"}],"version-history":[{"count":2,"href":"https:\/\/www.daandl.com\/no\/wp-json\/wp\/v2\/pages\/2840\/revisions"}],"predecessor-version":[{"id":2842,"href":"https:\/\/www.daandl.com\/no\/wp-json\/wp\/v2\/pages\/2840\/revisions\/2842"}],"wp:attachment":[{"href":"https:\/\/www.daandl.com\/no\/wp-json\/wp\/v2\/media?parent=2840"}],"curies":[{"name":"wp","href":"https:\/\/api.w.org\/{rel}","templated":true}]}}