{"id":1032,"date":"2025-08-21T09:44:49","date_gmt":"2025-08-21T09:44:49","guid":{"rendered":"https:\/\/www.daandl.com\/evenements\/"},"modified":"2025-11-11T16:26:19","modified_gmt":"2025-11-11T16:26:19","slug":"arrangementer","status":"publish","type":"page","link":"https:\/\/www.daandl.com\/no\/arrangementer\/","title":{"rendered":"\u00c9v\u00e8nements"},"content":{"rendered":"<p>[et_pb_section fb_built=&raquo;1&#8243; module_id=&raquo;evt-sec-1&#8243; _builder_version=&raquo;4.27.4&#8243; _module_preset=&raquo;default&raquo; background_video_mp4=&raquo;https:\/\/www.daandl.com\/wp-content\/uploads\/2025\/08\/Event_Daandl.mp4&#8243; height=&raquo;100vh&raquo; custom_padding=&raquo;0px||0px||true|false&raquo; global_colors_info=&raquo;{}&raquo;][\/et_pb_section][et_pb_section fb_built=&raquo;1&#8243; custom_padding_last_edited=&raquo;on|phone&raquo; module_id=&raquo;evt-sec-2&#8243; _builder_version=&raquo;4.27.4&#8243; _module_preset=&raquo;default&raquo; custom_padding=&raquo;0px||135px||false|false&raquo; custom_padding_tablet=&raquo;0px||135px||false|false&raquo; custom_padding_phone=&raquo;0px||100px||false|false&raquo; locked=&raquo;off&raquo; global_colors_info=&raquo;{}&raquo;][et_pb_row custom_padding_last_edited=&raquo;on|phone&raquo; module_id=&raquo;evt-row-1&#8243; _builder_version=&raquo;4.27.4&#8243; _module_preset=&raquo;default&raquo; custom_margin=&raquo;||||false|false&raquo; custom_padding=&raquo;129px||0px||false|false&raquo; custom_padding_tablet=&raquo;106px||0px||false|false&raquo; custom_padding_phone=&raquo;60px||0px||false|false&raquo; collapsed=&raquo;on&raquo; global_colors_info=&raquo;{}&raquo;][et_pb_column type=&raquo;4_4&#8243; _builder_version=&raquo;4.27.4&#8243; _module_preset=&raquo;default&raquo; global_colors_info=&raquo;{}&raquo;][et_pb_text module_class=&raquo;underline-c&raquo; _builder_version=&raquo;4.27.4&#8243; _module_preset=&raquo;default&raquo; header_2_font=&raquo;|||on|||||&raquo; header_2_text_align=&raquo;center&raquo; header_2_font_size=&raquo;25px&raquo; max_width=&raquo;722px&raquo; module_alignment=&raquo;center&raquo; custom_margin=&raquo;||35px||false|false&raquo; scroll_vertical_motion=&raquo;0|45|45|100|0.35|0|0&#8243; scroll_fade=&raquo;0|23|23|100|0|100|100&#8243; scroll_scaling=&raquo;0|45|45|100|95%|100|100&#8243; header_2_font_size_tablet=&raquo;25px&raquo; header_2_font_size_phone=&raquo;24px&raquo; header_2_font_size_last_edited=&raquo;on|phone&raquo; global_colors_info=&raquo;{}&raquo;]<\/p>\n<h2>Skreddersydde arrangementer: Varige synergier mellom merkevarer og profesjonelle partnere<\/h2>\n<p>[\/et_pb_text][et_pb_text _builder_version=&raquo;4.27.4&#8243; _module_preset=&raquo;default&raquo; text_orientation=&raquo;justified&raquo; max_width=&raquo;625px&raquo; module_alignment=&raquo;center&raquo; scroll_vertical_motion=&raquo;0|45|45|100|0.35|0|0&#8243; scroll_fade=&raquo;0|23|23|100|0|100|100&#8243; scroll_scaling=&raquo;0|45|45|100|95%|100|100&#8243; global_colors_info=&raquo;{}&raquo;]<\/p>\n<p>Vi utvikler og iscenesetter arrangementer som fungerer som ekte katalysatorer for meningsfulle m\u00f8ter mellom merkevarer, designere og interi\u00f8rarkitekter. Intime middager, eksklusive cocktailer, \u00e5pne showroom-dager, \u00e9n-til-\u00e9n-m\u00f8ter&#8230; Hvert format er n\u00f8ye tilpasset for \u00e5 fremme dialog, gjensidig l\u00e6ring og etablering av langsiktige samarbeid. <\/p>\n<p>[\/et_pb_text][\/et_pb_column][\/et_pb_row][et_pb_row _builder_version=&raquo;4.27.4&#8243; _module_preset=&raquo;default&raquo; max_width=&raquo;625px&raquo; custom_margin=&raquo;129px||||false|false&raquo; custom_margin_tablet=&raquo;110px||||false|false&raquo; custom_margin_phone=&raquo;54px||||false|false&raquo; custom_margin_last_edited=&raquo;on|phone&raquo; custom_padding=&raquo;0px||0px||true|false&raquo; global_colors_info=&raquo;{}&raquo;][et_pb_column type=&raquo;4_4&#8243; _builder_version=&raquo;4.27.4&#8243; _module_preset=&raquo;default&raquo; global_colors_info=&raquo;{}&raquo;][et_pb_video src=&raquo;https:\/\/www.daandl.com\/wp-content\/uploads\/2025\/10\/Daandl_Loop_Events.mp4&#8243; module_class=&raquo;rc-video-autoplay&raquo; _builder_version=&raquo;4.27.4&#8243; _module_preset=&raquo;default&raquo; width=&raquo;495px&raquo; width_tablet=&raquo;495px&raquo; width_phone=&raquo;100vw&raquo; width_last_edited=&raquo;on|phone&raquo; module_alignment=&raquo;right&raquo; custom_margin_tablet=&raquo;&raquo; custom_margin_phone=&raquo;|||-10vw|false|false&raquo; custom_margin_last_edited=&raquo;on|phone&raquo; module_alignment_tablet=&raquo;right&raquo; module_alignment_phone=&raquo;&raquo; module_alignment_last_edited=&raquo;on|phone&raquo; custom_css_free_form=&raquo;@media (min-width: 767px){||  selector video{||    min-height:305px !important;||    object-fit:cover;||  }||}||@media (max-width: 767px){||  body #main-content selector{||    margin-left: -10vw !important;||  }||}&raquo; global_colors_info=&raquo;{}&raquo;][\/et_pb_video][\/et_pb_column][\/et_pb_row][et_pb_row column_structure=&raquo;3_5,2_5&#8243; use_custom_gutter=&raquo;on&raquo; gutter_width=&raquo;1&#8243; _builder_version=&raquo;4.27.4&#8243; _module_preset=&raquo;default&raquo; custom_padding=&raquo;0px||0px||true|false&raquo; global_colors_info=&raquo;{}&raquo;][et_pb_column type=&raquo;3_5&#8243; _builder_version=&raquo;4.27.4&#8243; _module_preset=&raquo;default&raquo; global_colors_info=&raquo;{}&raquo;][et_pb_text disabled_on=&raquo;on|off|off&raquo; _builder_version=&raquo;4.27.4&#8243; _module_preset=&raquo;default&raquo; text_text_color=&raquo;#FFFFFF&raquo; header_3_font=&raquo;|700||on|||||&raquo; header_3_text_align=&raquo;left&raquo; header_3_text_color=&raquo;#FFFFFF&raquo; header_3_font_size=&raquo;18px&raquo; header_3_letter_spacing=&raquo;0.1px&raquo; header_3_line_height=&raquo;1.45em&raquo; background_color=&raquo;gcid-primary-color&raquo; text_orientation=&raquo;justified&raquo; max_width=&raquo;494px&raquo; module_alignment=&raquo;right&raquo; custom_margin=&raquo;-58px||||false|false&raquo; custom_margin_tablet=&raquo;50px|||0px|false|false&raquo; custom_margin_phone=&raquo;30px|||0px|false|false&raquo; custom_margin_last_edited=&raquo;on|tablet&raquo; custom_padding=&raquo;70px|70px|70px|70px|true|true&raquo; scroll_vertical_motion=&raquo;0|45|45|100|0.35|0|0&#8243; scroll_fade=&raquo;0|23|23|100|0|100|100&#8243; scroll_scaling=&raquo;0|45|45|100|95%|100|100&#8243; module_alignment_tablet=&raquo;center&raquo; module_alignment_phone=&raquo;center&raquo; module_alignment_last_edited=&raquo;on|tablet&raquo; locked=&raquo;off&raquo; global_colors_info=&raquo;{%22gcid-primary-color%22:%91%22background_color%22%93}&raquo;]<\/p>\n<h3>Disse eksklusive samlingene finner sted p\u00e5 n\u00f8ye utvalgte steder<\/h3>\n<div style=\"margin-bottom: 25px;\">Og gir designere og interi\u00f8rarkitekter muligheten til \u00e5 oppleve B2B-kolleksjoner, holdbare materialer og eksklusivt h\u00e5ndverk p\u00e5 n\u00e6rt hold samtidig som de skaper en personlig forbindelse til merkevaren. For merkevarer er dette en unik mulighet til \u00e5 m\u00f8te kvalifiserte profesjonelle partnere som er aktivt involvert i prosjekter med stort potensial en strategisk anledning til \u00e5 bygge langvarige relasjoner. <\/div>\n<p>Gjennom grundig planlegging tilrettelegger vi for \u00e9n-til-\u00e9n-m\u00f8ter som har som m\u00e5l \u00e5 bygge solide partnerskap mellom merkevarer, designere og interi\u00f8rarkitekter. Allerede i forberedelsesfasen st\u00f8tter vi salgsteamene med grundige briefinger og analyse av potensielle samarbeidsprosjekter, for \u00e5 sikre relevante og m\u00e5lrettede diskusjoner. <\/p>\n<p>[\/et_pb_text][et_pb_text disabled_on=&raquo;off|on|on&raquo; module_class=&raquo;underline-c&raquo; _builder_version=&raquo;4.27.4&#8243; _module_preset=&raquo;default&raquo; header_2_font=&raquo;|||on|||||&raquo; header_2_text_align=&raquo;center&raquo; header_2_font_size=&raquo;25px&raquo; max_width=&raquo;722px&raquo; module_alignment=&raquo;center&raquo; custom_margin=&raquo;80px||35px||false|false&raquo; scroll_vertical_motion=&raquo;0|45|45|100|0.35|0|0&#8243; scroll_fade=&raquo;0|23|23|100|0|100|100&#8243; scroll_scaling=&raquo;0|45|45|100|95%|100|100&#8243; header_2_font_size_tablet=&raquo;25px&raquo; header_2_font_size_phone=&raquo;24px&raquo; header_2_font_size_last_edited=&raquo;on|phone&raquo; locked=&raquo;off&raquo; global_colors_info=&raquo;{}&raquo;]<\/p>\n<h2>Disse eksklusive samlingene finner sted p\u00e5 n\u00f8ye utvalgte steder<\/h2>\n<p>[\/et_pb_text][\/et_pb_column][et_pb_column type=&raquo;2_5&#8243; _builder_version=&raquo;4.27.4&#8243; _module_preset=&raquo;default&raquo; horizontal_offset=&raquo;0px&raquo; z_index=&raquo;4&#8243; global_colors_info=&raquo;{}&raquo;][et_pb_image src=&raquo;https:\/\/www.daandl.com\/wp-content\/uploads\/2025\/09\/Daandl_Evenements_Lieux_Architecture-\u00a9Geoffrey-Bellec-SOHO-Galaxy-Pekin-1.webp&raquo; title_text=&raquo;Daandl_Evenements_Lieux_Architecture \u00a9Geoffrey Bellec SOHO Galaxy Pekin&raquo; src_tablet=&raquo;https:\/\/www.daandl.com\/wp-content\/uploads\/2025\/08\/Rectangle-73.png&raquo; src_phone=&raquo;https:\/\/www.daandl.com\/wp-content\/uploads\/2025\/08\/Rectangle-74.png&raquo; src_last_edited=&raquo;on|phone&raquo; align_tablet=&raquo;center&raquo; align_phone=&raquo;center&raquo; align_last_edited=&raquo;on|tablet&raquo; _builder_version=&raquo;4.27.4&#8243; _module_preset=&raquo;default&raquo; max_width=&raquo;318px&raquo; max_width_tablet=&raquo;318px&raquo; max_width_phone=&raquo;318px&raquo; max_width_last_edited=&raquo;on|desktop&raquo; custom_margin=&raquo;262px|||-30px|false|false&raquo; custom_margin_tablet=&raquo;50px|||-30px|false|false&raquo; custom_margin_phone=&raquo;0px|||0px|false|false&raquo; custom_margin_last_edited=&raquo;on|tablet&raquo; scroll_vertical_motion=&raquo;0|45|45|100|0.35|0|0&#8243; scroll_fade=&raquo;0|23|23|100|0|100|100&#8243; scroll_scaling=&raquo;0|45|45|100|95%|100|100&#8243; custom_css_free_form=&raquo;@media (max-width:500px){||  selector img,||   selector .et_pb_image_wrap {||    width:100% !important;||  }||}&raquo; global_colors_info=&raquo;{}&raquo;][\/et_pb_image][et_pb_text disabled_on=&raquo;off|on|on&raquo; _builder_version=&raquo;4.27.4&#8243; _module_preset=&raquo;default&raquo; text_font_size=&raquo;18px&raquo; text_line_height=&raquo;1.55em&raquo; text_orientation=&raquo;justified&raquo; custom_margin=&raquo;40px||||false|false&raquo; scroll_vertical_motion=&raquo;0|45|45|100|0.35|0|0&#8243; scroll_fade=&raquo;0|23|23|100|0|100|100&#8243; scroll_scaling=&raquo;0|45|45|100|95%|100|100&#8243; global_colors_info=&raquo;{}&raquo;]<\/p>\n<p>Og gir designere og interi\u00f8rarkitekter muligheten til \u00e5 oppleve B2B-kolleksjoner, holdbare materialer og eksklusivt h\u00e5ndverk p\u00e5 n\u00e6rt hold samtidig som de skaper en personlig forbindelse til merkevaren. For merkevarer er dette en unik mulighet til \u00e5 m\u00f8te kvalifiserte profesjonelle partnere som er aktivt involvert i prosjekter med stort potensial en strategisk anledning til \u00e5 bygge langvarige relasjoner. <\/p>\n<p>Gjennom grundig planlegging tilrettelegger vi for \u00e9n-til-\u00e9n-m\u00f8ter som har som m\u00e5l \u00e5 bygge solide partnerskap mellom merkevarer, designere og interi\u00f8rarkitekter. Allerede i forberedelsesfasen st\u00f8tter vi salgsteamene med grundige briefinger og analyse av potensielle samarbeidsprosjekter, for \u00e5 sikre relevante og m\u00e5lrettede diskusjoner. <\/p>\n<p>[\/et_pb_text][\/et_pb_column][\/et_pb_row][\/et_pb_section][et_pb_section fb_built=&raquo;1&#8243; custom_padding_last_edited=&raquo;on|tablet&raquo; module_id=&raquo;evt-sec-3&#8243; _builder_version=&raquo;4.27.4&#8243; _module_preset=&raquo;default&raquo; background_color=&raquo;#000000&#8243; background_image=&raquo;https:\/\/www.daandl.com\/wp-content\/uploads\/2025\/08\/cover_events_banner.webp&raquo; custom_padding=&raquo;265px||265px||true|false&raquo; custom_padding_tablet=&raquo;200px||200px||true|false&raquo; custom_padding_phone=&raquo;147.5px||147.5px||true|false&raquo; hover_enabled=&raquo;0&#8243; global_colors_info=&raquo;{}&raquo; sticky_enabled=&raquo;0&#8243;][et_pb_row _builder_version=&raquo;4.27.4&#8243; _module_preset=&raquo;default&raquo; custom_padding=&raquo;0px||0px||true|false&raquo; global_colors_info=&raquo;{}&raquo;][et_pb_column type=&raquo;4_4&#8243; _builder_version=&raquo;4.27.4&#8243; _module_preset=&raquo;default&raquo; global_colors_info=&raquo;{}&raquo;][et_pb_text _builder_version=&raquo;4.27.4&#8243; _module_preset=&raquo;default&raquo; text_text_color=&raquo;#FFFFFF&raquo; text_font_size=&raquo;16px&raquo; text_orientation=&raquo;justified&raquo; max_width=&raquo;620px&raquo; module_alignment=&raquo;center&raquo; scroll_vertical_motion=&raquo;0|30|30|100|0.35|0|0&#8243; scroll_fade=&raquo;0|23|23|100|0|100|100&#8243; scroll_scaling=&raquo;0|30|30|100|95%|100|100&#8243; global_colors_info=&raquo;{}&raquo;]<\/p>\n<p>Denne tiln\u00e6rmingen legger til rette for effektive og personlige m\u00f8ter som er i tr\u00e5d med alle parters m\u00e5l. Merkevarer oppn\u00e5r \u00f8kt synlighet og kommersiell gjennomslagskraft, mens designere og interi\u00f8rarkitekter f\u00e5r tilgang til nye ressurser, styrker nettverket sitt og utforsker konkrete samarbeidsmuligheter. V\u00e5r ambisjon: \u00e5 gj\u00f8re hvert arrangement til mer enn bare en enkelt begivenhet men en reell plattform for meningsfulle, varige og gjensidig verdifulle synergier.  <\/p>\n<p>[\/et_pb_text][\/et_pb_column][\/et_pb_row][\/et_pb_section]<\/p>\n","protected":false},"excerpt":{"rendered":"<p>Skreddersydde arrangementer: Varige synergier mellom merkevarer og profesjonelle partnereVi utvikler og iscenesetter arrangementer som fungerer som ekte katalysatorer for meningsfulle m\u00f8ter mellom merkevarer, designere og interi\u00f8rarkitekter. Intime middager, eksklusive cocktailer, \u00e5pne showroom-dager, \u00e9n-til-\u00e9n-m\u00f8ter&#8230; Hvert format er n\u00f8ye tilpasset for \u00e5 fremme dialog, gjensidig l\u00e6ring og etablering av langsiktige samarbeid. Disse eksklusive samlingene finner sted p\u00e5 [&hellip;]<\/p>\n","protected":false},"author":2,"featured_media":0,"parent":0,"menu_order":0,"comment_status":"closed","ping_status":"closed","template":"","meta":{"_et_pb_use_builder":"on","_et_pb_old_content":"","_et_gb_content_width":"","inline_featured_image":false,"footnotes":""},"class_list":["post-1032","page","type-page","status-publish","hentry"],"_links":{"self":[{"href":"https:\/\/www.daandl.com\/no\/wp-json\/wp\/v2\/pages\/1032","targetHints":{"allow":["GET"]}}],"collection":[{"href":"https:\/\/www.daandl.com\/no\/wp-json\/wp\/v2\/pages"}],"about":[{"href":"https:\/\/www.daandl.com\/no\/wp-json\/wp\/v2\/types\/page"}],"author":[{"embeddable":true,"href":"https:\/\/www.daandl.com\/no\/wp-json\/wp\/v2\/users\/2"}],"replies":[{"embeddable":true,"href":"https:\/\/www.daandl.com\/no\/wp-json\/wp\/v2\/comments?post=1032"}],"version-history":[{"count":35,"href":"https:\/\/www.daandl.com\/no\/wp-json\/wp\/v2\/pages\/1032\/revisions"}],"predecessor-version":[{"id":2592,"href":"https:\/\/www.daandl.com\/no\/wp-json\/wp\/v2\/pages\/1032\/revisions\/2592"}],"wp:attachment":[{"href":"https:\/\/www.daandl.com\/no\/wp-json\/wp\/v2\/media?parent=1032"}],"curies":[{"name":"wp","href":"https:\/\/api.w.org\/{rel}","templated":true}]}}