{"id":1035,"date":"2025-08-21T09:44:49","date_gmt":"2025-08-21T09:44:49","guid":{"rendered":"https:\/\/www.daandl.com\/evenements\/"},"modified":"2025-11-11T16:26:19","modified_gmt":"2025-11-11T16:26:19","slug":"eventos","status":"publish","type":"page","link":"https:\/\/www.daandl.com\/es\/eventos\/","title":{"rendered":"\u00c9v\u00e8nements"},"content":{"rendered":"<p>[et_pb_section fb_built=\u00bb1&#8243; module_id=\u00bbevt-sec-1&#8243; _builder_version=\u00bb4.27.4&#8243; _module_preset=\u00bbdefault\u00bb background_video_mp4=\u00bbhttps:\/\/www.daandl.com\/wp-content\/uploads\/2025\/08\/Event_Daandl.mp4&#8243; height=\u00bb100vh\u00bb custom_padding=\u00bb0px||0px||true|false\u00bb global_colors_info=\u00bb{}\u00bb][\/et_pb_section][et_pb_section fb_built=\u00bb1&#8243; custom_padding_last_edited=\u00bbon|phone\u00bb module_id=\u00bbevt-sec-2&#8243; _builder_version=\u00bb4.27.4&#8243; _module_preset=\u00bbdefault\u00bb custom_padding=\u00bb0px||135px||false|false\u00bb custom_padding_tablet=\u00bb0px||135px||false|false\u00bb custom_padding_phone=\u00bb0px||100px||false|false\u00bb locked=\u00bboff\u00bb global_colors_info=\u00bb{}\u00bb][et_pb_row custom_padding_last_edited=\u00bbon|phone\u00bb module_id=\u00bbevt-row-1&#8243; _builder_version=\u00bb4.27.4&#8243; _module_preset=\u00bbdefault\u00bb custom_margin=\u00bb||||false|false\u00bb custom_padding=\u00bb129px||0px||false|false\u00bb custom_padding_tablet=\u00bb106px||0px||false|false\u00bb custom_padding_phone=\u00bb60px||0px||false|false\u00bb collapsed=\u00bbon\u00bb global_colors_info=\u00bb{}\u00bb][et_pb_column type=\u00bb4_4&#8243; _builder_version=\u00bb4.27.4&#8243; _module_preset=\u00bbdefault\u00bb global_colors_info=\u00bb{}\u00bb][et_pb_text module_class=\u00bbunderline-c\u00bb _builder_version=\u00bb4.27.4&#8243; _module_preset=\u00bbdefault\u00bb header_2_font=\u00bb|||on|||||\u00bb header_2_text_align=\u00bbcenter\u00bb header_2_font_size=\u00bb25px\u00bb max_width=\u00bb722px\u00bb module_alignment=\u00bbcenter\u00bb custom_margin=\u00bb||35px||false|false\u00bb scroll_vertical_motion=\u00bb0|45|45|100|0.35|0|0&#8243; scroll_fade=\u00bb0|23|23|100|0|100|100&#8243; scroll_scaling=\u00bb0|45|45|100|95%|100|100&#8243; header_2_font_size_tablet=\u00bb25px\u00bb header_2_font_size_phone=\u00bb24px\u00bb header_2_font_size_last_edited=\u00bbon|phone\u00bb global_colors_info=\u00bb{}\u00bb]<\/p>\n<h2>Eventos a medida: creamos sinergias duraderas entre marcas y prescriptores<\/h2>\n<p>[\/et_pb_text][et_pb_text _builder_version=\u00bb4.27.4&#8243; _module_preset=\u00bbdefault\u00bb text_orientation=\u00bbjustified\u00bb max_width=\u00bb625px\u00bb module_alignment=\u00bbcenter\u00bb scroll_vertical_motion=\u00bb0|45|45|100|0.35|0|0&#8243; scroll_fade=\u00bb0|23|23|100|0|100|100&#8243; scroll_scaling=\u00bb0|45|45|100|95%|100|100&#8243; global_colors_info=\u00bb{}\u00bb]<\/p>\n<p>Dise\u00f1amos y organizamos eventos concebidos como verdaderos catalizadores de encuentros significativos entre marcas de dise\u00f1o y prescriptores. Cenas \u00edntimas, c\u00f3cteles exclusivos, jornadas de showroom abiertas, reuniones individuales&#8230; Cada formato se dise\u00f1a cuidadosamente para fomentar el di\u00e1logo, el descubrimiento mutuo y el surgimiento de colaboraciones a largo plazo. <\/p>\n<p>[\/et_pb_text][\/et_pb_column][\/et_pb_row][et_pb_row _builder_version=\u00bb4.27.4&#8243; _module_preset=\u00bbdefault\u00bb max_width=\u00bb625px\u00bb custom_margin=\u00bb129px||||false|false\u00bb custom_margin_tablet=\u00bb110px||||false|false\u00bb custom_margin_phone=\u00bb54px||||false|false\u00bb custom_margin_last_edited=\u00bbon|phone\u00bb custom_padding=\u00bb0px||0px||true|false\u00bb global_colors_info=\u00bb{}\u00bb][et_pb_column type=\u00bb4_4&#8243; _builder_version=\u00bb4.27.4&#8243; _module_preset=\u00bbdefault\u00bb global_colors_info=\u00bb{}\u00bb][et_pb_video src=\u00bbhttps:\/\/www.daandl.com\/wp-content\/uploads\/2025\/10\/Daandl_Loop_Events.mp4&#8243; module_class=\u00bbrc-video-autoplay\u00bb _builder_version=\u00bb4.27.4&#8243; _module_preset=\u00bbdefault\u00bb width=\u00bb495px\u00bb width_tablet=\u00bb495px\u00bb width_phone=\u00bb100vw\u00bb width_last_edited=\u00bbon|phone\u00bb module_alignment=\u00bbright\u00bb custom_margin_tablet=\u00bb\u00bb custom_margin_phone=\u00bb|||-10vw|false|false\u00bb custom_margin_last_edited=\u00bbon|phone\u00bb module_alignment_tablet=\u00bbright\u00bb module_alignment_phone=\u00bb\u00bb module_alignment_last_edited=\u00bbon|phone\u00bb custom_css_free_form=\u00bb@media (min-width: 767px){||  selector video{||    min-height:305px !important;||    object-fit:cover;||  }||}||@media (max-width: 767px){||  body #main-content selector{||    margin-left: -10vw !important;||  }||}\u00bb global_colors_info=\u00bb{}\u00bb][\/et_pb_video][\/et_pb_column][\/et_pb_row][et_pb_row column_structure=\u00bb3_5,2_5&#8243; use_custom_gutter=\u00bbon\u00bb gutter_width=\u00bb1&#8243; _builder_version=\u00bb4.27.4&#8243; _module_preset=\u00bbdefault\u00bb custom_padding=\u00bb0px||0px||true|false\u00bb global_colors_info=\u00bb{}\u00bb][et_pb_column type=\u00bb3_5&#8243; _builder_version=\u00bb4.27.4&#8243; _module_preset=\u00bbdefault\u00bb global_colors_info=\u00bb{}\u00bb][et_pb_text disabled_on=\u00bbon|off|off\u00bb _builder_version=\u00bb4.27.4&#8243; _module_preset=\u00bbdefault\u00bb text_text_color=\u00bb#FFFFFF\u00bb header_3_font=\u00bb|700||on|||||\u00bb header_3_text_align=\u00bbleft\u00bb header_3_text_color=\u00bb#FFFFFF\u00bb header_3_font_size=\u00bb18px\u00bb header_3_letter_spacing=\u00bb0.1px\u00bb header_3_line_height=\u00bb1.45em\u00bb background_color=\u00bbgcid-primary-color\u00bb text_orientation=\u00bbjustified\u00bb max_width=\u00bb494px\u00bb module_alignment=\u00bbright\u00bb custom_margin=\u00bb-58px||||false|false\u00bb custom_margin_tablet=\u00bb50px|||0px|false|false\u00bb custom_margin_phone=\u00bb30px|||0px|false|false\u00bb custom_margin_last_edited=\u00bbon|tablet\u00bb custom_padding=\u00bb70px|70px|70px|70px|true|true\u00bb scroll_vertical_motion=\u00bb0|45|45|100|0.35|0|0&#8243; scroll_fade=\u00bb0|23|23|100|0|100|100&#8243; scroll_scaling=\u00bb0|45|45|100|95%|100|100&#8243; module_alignment_tablet=\u00bbcenter\u00bb module_alignment_phone=\u00bbcenter\u00bb module_alignment_last_edited=\u00bbon|tablet\u00bb locked=\u00bboff\u00bb global_colors_info=\u00bb{%22gcid-primary-color%22:%91%22background_color%22%93}\u00bb]<\/p>\n<h3>Celebrados en lugares singulares<\/h3>\n<div style=\"margin-bottom: 25px;\">Estos encuentros exclusivos ofrecen a los profesionales la oportunidad de experimentar de primera mano colecciones B2B, materiales y saber hacer, ampliando al mismo tiempo su red de contactos. En el caso de las marcas, se trata de una oportunidad estrat\u00e9gica para conocer prescriptores cualificados implicados activamente en proyectos de alto potencial. <\/div>\n<p>A trav\u00e9s de una planificaci\u00f3n meticulosa, organizamos reuniones individuales pensadas para dar lugar a asociaciones s\u00f3lidas entre marcas, arquitectos y dise\u00f1adores de interiores. En paralelo, apoyamos a los equipos de ventas con sesiones informativas detalladas y analizamos los proyectos de cada prescriptor para para garantizar v\u00ednculos profesionales pertinentes y con potencial de colaboraci\u00f3n real. <\/p>\n<p>[\/et_pb_text][et_pb_text disabled_on=\u00bboff|on|on\u00bb module_class=\u00bbunderline-c\u00bb _builder_version=\u00bb4.27.4&#8243; _module_preset=\u00bbdefault\u00bb header_2_font=\u00bb|||on|||||\u00bb header_2_text_align=\u00bbcenter\u00bb header_2_font_size=\u00bb25px\u00bb max_width=\u00bb722px\u00bb module_alignment=\u00bbcenter\u00bb custom_margin=\u00bb80px||35px||false|false\u00bb scroll_vertical_motion=\u00bb0|45|45|100|0.35|0|0&#8243; scroll_fade=\u00bb0|23|23|100|0|100|100&#8243; scroll_scaling=\u00bb0|45|45|100|95%|100|100&#8243; header_2_font_size_tablet=\u00bb25px\u00bb header_2_font_size_phone=\u00bb24px\u00bb header_2_font_size_last_edited=\u00bbon|phone\u00bb locked=\u00bboff\u00bb global_colors_info=\u00bb{}\u00bb]<\/p>\n<h2>Celebrados en lugares singulares<\/h2>\n<p>[\/et_pb_text][\/et_pb_column][et_pb_column type=\u00bb2_5&#8243; _builder_version=\u00bb4.27.4&#8243; _module_preset=\u00bbdefault\u00bb horizontal_offset=\u00bb0px\u00bb z_index=\u00bb4&#8243; global_colors_info=\u00bb{}\u00bb][et_pb_image src=\u00bbhttps:\/\/www.daandl.com\/wp-content\/uploads\/2025\/09\/Daandl_Evenements_Lieux_Architecture-\u00a9Geoffrey-Bellec-SOHO-Galaxy-Pekin-1.webp\u00bb title_text=\u00bbDaandl_Evenements_Lieux_Architecture \u00a9Geoffrey Bellec SOHO Galaxy Pekin\u00bb src_tablet=\u00bbhttps:\/\/www.daandl.com\/wp-content\/uploads\/2025\/08\/Rectangle-73.png\u00bb src_phone=\u00bbhttps:\/\/www.daandl.com\/wp-content\/uploads\/2025\/08\/Rectangle-74.png\u00bb src_last_edited=\u00bbon|phone\u00bb align_tablet=\u00bbcenter\u00bb align_phone=\u00bbcenter\u00bb align_last_edited=\u00bbon|tablet\u00bb _builder_version=\u00bb4.27.4&#8243; _module_preset=\u00bbdefault\u00bb max_width=\u00bb318px\u00bb max_width_tablet=\u00bb318px\u00bb max_width_phone=\u00bb318px\u00bb max_width_last_edited=\u00bbon|desktop\u00bb custom_margin=\u00bb262px|||-30px|false|false\u00bb custom_margin_tablet=\u00bb50px|||-30px|false|false\u00bb custom_margin_phone=\u00bb0px|||0px|false|false\u00bb custom_margin_last_edited=\u00bbon|tablet\u00bb scroll_vertical_motion=\u00bb0|45|45|100|0.35|0|0&#8243; scroll_fade=\u00bb0|23|23|100|0|100|100&#8243; scroll_scaling=\u00bb0|45|45|100|95%|100|100&#8243; custom_css_free_form=\u00bb@media (max-width:500px){||  selector img,||   selector .et_pb_image_wrap {||    width:100% !important;||  }||}\u00bb global_colors_info=\u00bb{}\u00bb][\/et_pb_image][et_pb_text disabled_on=\u00bboff|on|on\u00bb _builder_version=\u00bb4.27.4&#8243; _module_preset=\u00bbdefault\u00bb text_font_size=\u00bb18px\u00bb text_line_height=\u00bb1.55em\u00bb text_orientation=\u00bbjustified\u00bb custom_margin=\u00bb40px||||false|false\u00bb scroll_vertical_motion=\u00bb0|45|45|100|0.35|0|0&#8243; scroll_fade=\u00bb0|23|23|100|0|100|100&#8243; scroll_scaling=\u00bb0|45|45|100|95%|100|100&#8243; global_colors_info=\u00bb{}\u00bb]<\/p>\n<p>Estos encuentros exclusivos ofrecen a los profesionales la oportunidad de experimentar de primera mano colecciones B2B, materiales y saber hacer, ampliando al mismo tiempo su red de contactos. En el caso de las marcas, se trata de una oportunidad estrat\u00e9gica para conocer prescriptores cualificados implicados activamente en proyectos de alto potencial. <\/p>\n<p>A trav\u00e9s de una planificaci\u00f3n meticulosa, organizamos reuniones individuales pensadas para dar lugar a asociaciones s\u00f3lidas entre marcas, arquitectos y dise\u00f1adores de interiores. En paralelo, apoyamos a los equipos de ventas con sesiones informativas detalladas y analizamos los proyectos de cada prescriptor para para garantizar v\u00ednculos profesionales pertinentes y con potencial de colaboraci\u00f3n real. <\/p>\n<p>[\/et_pb_text][\/et_pb_column][\/et_pb_row][\/et_pb_section][et_pb_section fb_built=\u00bb1&#8243; custom_padding_last_edited=\u00bbon|tablet\u00bb module_id=\u00bbevt-sec-3&#8243; _builder_version=\u00bb4.27.4&#8243; _module_preset=\u00bbdefault\u00bb background_color=\u00bb#000000&#8243; background_image=\u00bbhttps:\/\/www.daandl.com\/wp-content\/uploads\/2025\/08\/cover_events_banner.webp\u00bb custom_padding=\u00bb265px||265px||true|false\u00bb custom_padding_tablet=\u00bb200px||200px||true|false\u00bb custom_padding_phone=\u00bb147.5px||147.5px||true|false\u00bb hover_enabled=\u00bb0&#8243; global_colors_info=\u00bb{}\u00bb sticky_enabled=\u00bb0&#8243;][et_pb_row _builder_version=\u00bb4.27.4&#8243; _module_preset=\u00bbdefault\u00bb custom_padding=\u00bb0px||0px||true|false\u00bb global_colors_info=\u00bb{}\u00bb][et_pb_column type=\u00bb4_4&#8243; _builder_version=\u00bb4.27.4&#8243; _module_preset=\u00bbdefault\u00bb global_colors_info=\u00bb{}\u00bb][et_pb_text _builder_version=\u00bb4.27.4&#8243; _module_preset=\u00bbdefault\u00bb text_text_color=\u00bb#FFFFFF\u00bb text_font_size=\u00bb16px\u00bb text_orientation=\u00bbjustified\u00bb max_width=\u00bb620px\u00bb module_alignment=\u00bbcenter\u00bb scroll_vertical_motion=\u00bb0|30|30|100|0.35|0|0&#8243; scroll_fade=\u00bb0|23|23|100|0|100|100&#8243; scroll_scaling=\u00bb0|30|30|100|95%|100|100&#8243; global_colors_info=\u00bb{}\u00bb]<\/p>\n<p>Este enfoque garantiza interacciones eficaces y personalizadas, alineadas con los objetivos de cada parte interesada. Las marcas ganan visibilidad e impacto comercial, mientras que los prescriptores acceden a nuevos recursos, ampl\u00edan su red y descubren oportunidades concretas de colaboraci\u00f3n. Nuestra ambici\u00f3n: que cada evento sea mucho m\u00e1s que una cita puntual un verdadero trampol\u00edn hacia sinergias duraderas, significativas y beneficiosas para todos.  <\/p>\n<p>[\/et_pb_text][\/et_pb_column][\/et_pb_row][\/et_pb_section]<\/p>\n","protected":false},"excerpt":{"rendered":"<p>Eventos a medida: creamos sinergias duraderas entre marcas y prescriptoresDise\u00f1amos y organizamos eventos concebidos como verdaderos catalizadores de encuentros significativos entre marcas de dise\u00f1o y prescriptores. Cenas \u00edntimas, c\u00f3cteles exclusivos, jornadas de showroom abiertas, reuniones individuales&#8230; Cada formato se dise\u00f1a cuidadosamente para fomentar el di\u00e1logo, el descubrimiento mutuo y el surgimiento de colaboraciones a largo [&hellip;]<\/p>\n","protected":false},"author":2,"featured_media":0,"parent":0,"menu_order":0,"comment_status":"closed","ping_status":"closed","template":"","meta":{"_et_pb_use_builder":"on","_et_pb_old_content":"","_et_gb_content_width":"","inline_featured_image":false,"footnotes":""},"class_list":["post-1035","page","type-page","status-publish","hentry"],"_links":{"self":[{"href":"https:\/\/www.daandl.com\/es\/wp-json\/wp\/v2\/pages\/1035","targetHints":{"allow":["GET"]}}],"collection":[{"href":"https:\/\/www.daandl.com\/es\/wp-json\/wp\/v2\/pages"}],"about":[{"href":"https:\/\/www.daandl.com\/es\/wp-json\/wp\/v2\/types\/page"}],"author":[{"embeddable":true,"href":"https:\/\/www.daandl.com\/es\/wp-json\/wp\/v2\/users\/2"}],"replies":[{"embeddable":true,"href":"https:\/\/www.daandl.com\/es\/wp-json\/wp\/v2\/comments?post=1035"}],"version-history":[{"count":28,"href":"https:\/\/www.daandl.com\/es\/wp-json\/wp\/v2\/pages\/1035\/revisions"}],"predecessor-version":[{"id":2591,"href":"https:\/\/www.daandl.com\/es\/wp-json\/wp\/v2\/pages\/1035\/revisions\/2591"}],"wp:attachment":[{"href":"https:\/\/www.daandl.com\/es\/wp-json\/wp\/v2\/media?parent=1035"}],"curies":[{"name":"wp","href":"https:\/\/api.w.org\/{rel}","templated":true}]}}