{"id":2828,"date":"2025-11-26T12:58:11","date_gmt":"2025-11-26T12:58:11","guid":{"rendered":"https:\/\/www.daandl.com\/club\/"},"modified":"2026-02-20T15:42:08","modified_gmt":"2026-02-20T15:42:08","slug":"club","status":"publish","type":"page","link":"https:\/\/www.daandl.com\/de\/club\/","title":{"rendered":"Club"},"content":{"rendered":"<p>[et_pb_section fb_built=&#8220;1&#8243; custom_padding_last_edited=&#8220;on|phone&#8220; module_id=&#8220;club-sec-1&#8243; _builder_version=&#8220;4.27.4&#8243; _module_preset=&#8220;default&#8220; background_color=&#8220;#000000&#8243; custom_margin=&#8220;||||false|false&#8220; custom_padding=&#8220;181px||||false|false&#8220; custom_padding_tablet=&#8220;181px||||false|false&#8220; custom_padding_phone=&#8220;100px||||false|false&#8220; global_colors_info=&#8220;{}&#8220;][et_pb_row column_structure=&#8220;1_2,1_2&#8243; use_custom_gutter=&#8220;on&#8220; custom_padding_last_edited=&#8220;on|phone&#8220; module_id=&#8220;club-row-1&#8243; module_class=&#8220;invert-col&#8220; _builder_version=&#8220;4.27.4&#8243; _module_preset=&#8220;default&#8220; max_width=&#8220;1185px&#8220; custom_margin=&#8220;||||false|false&#8220; custom_margin_tablet=&#8220;||||false|false&#8220; custom_margin_phone=&#8220;||0px||false|false&#8220; custom_margin_last_edited=&#8220;on|phone&#8220; custom_padding=&#8220;0px||88px||false|false&#8220; custom_padding_tablet=&#8220;0px||88px||false|false&#8220; custom_padding_phone=&#8220;||0px||false|false&#8220; animation_style=&#8220;fade&#8220; animation_duration=&#8220;800ms&#8220; animation_starting_opacity=&#8220;25%&#8220; border_width_bottom=&#8220;1px&#8220; border_color_bottom=&#8220;#FFFFFF&#8220; global_colors_info=&#8220;{}&#8220;][et_pb_column type=&#8220;1_2&#8243; _builder_version=&#8220;4.27.4&#8243; _module_preset=&#8220;default&#8220; global_colors_info=&#8220;{}&#8220;][et_pb_text _builder_version=&#8220;4.27.4&#8243; _module_preset=&#8220;default&#8220; header_font=&#8220;Brandon regular|700||on|||||&#8220; header_text_color=&#8220;#FFFFFF&#8220; header_font_size=&#8220;42px&#8220; header_letter_spacing=&#8220;0.5px&#8220; header_line_height=&#8220;1.3em&#8220; max_width=&#8220;500px&#8220; max_width_tablet=&#8220;100%&#8220; max_width_phone=&#8220;100%&#8220; max_width_last_edited=&#8220;on|tablet&#8220; custom_margin=&#8220;||40px||false|false&#8220; custom_margin_tablet=&#8220;||40px||false|false&#8220; custom_margin_phone=&#8220;||10px||false|false&#8220; custom_margin_last_edited=&#8220;on|phone&#8220; header_font_size_tablet=&#8220;42px&#8220; header_font_size_phone=&#8220;22px&#8220; header_font_size_last_edited=&#8220;on|phone&#8220; global_colors_info=&#8220;{}&#8220;]<\/p>\n<h1>Das f\u00fchrende europ\u00e4ische Netzwerk f\u00fcr Interior-Design-Professionals<\/h1>\n<p>[\/et_pb_text][et_pb_text _builder_version=&#8220;4.27.4&#8243; _module_preset=&#8220;default&#8220; text_text_color=&#8220;#FFFFFF&#8220; text_orientation=&#8220;justified&#8220; max_width=&#8220;450px&#8220; max_width_tablet=&#8220;100%&#8220; max_width_phone=&#8220;100%&#8220; max_width_last_edited=&#8220;on|tablet&#8220; custom_margin_tablet=&#8220;&#8220; custom_margin_phone=&#8220;||18px||false|false&#8220; custom_margin_last_edited=&#8220;on|phone&#8220; global_colors_info=&#8220;{}&#8220;]<\/p>\n<p>Der Daandl Club richtet sich an Architekten, Innenarchitekten und Designer, die ihr professionelles Netzwerk gezielt erweitern und ihre Marktposition im europ\u00e4ischen Interior-Design-Umfeld st\u00e4rken m\u00f6chten. Als exklusiv kuratiertes Business-Netzwerk bietet der Club Zugang zu relevanten Entscheidungstr\u00e4gern, etablierten Marken und ausgew\u00e4hlten kreativen Talenten. <\/p>\n<p>Mit dem Ziel, die Akteure des Interior Designs effizient miteinander zu vernetzen, fungiert der Daandl Club als strategische Plattform zwischen Kreativit\u00e4t und Gesch\u00e4ftsentwicklung. Die Aktivit\u00e4ten basieren auf drei klar definierten S\u00e4ulen: Sichtbarkeit f\u00fcr relevante Projekte, strukturierter Austausch unter Branchenexperten und exklusive Formate zur Gesch\u00e4ftsanbahnung und Kooperation. <\/p>\n<p>[\/et_pb_text][\/et_pb_column][et_pb_column type=&#8220;1_2&#8243; _builder_version=&#8220;4.27.4&#8243; _module_preset=&#8220;default&#8220; global_colors_info=&#8220;{}&#8220;][et_pb_image src=&#8220;https:\/\/www.daandl.com\/wp-content\/uploads\/2026\/02\/reseau.webp&#8220; title_text=&#8220;reseau&#8220; align_tablet=&#8220;&#8220; align_phone=&#8220;&#8220; align_last_edited=&#8220;on|tablet&#8220; module_id=&#8220;club-row-1-img&#8220; _builder_version=&#8220;4.27.4&#8243; _module_preset=&#8220;default&#8220; max_width=&#8220;569px&#8220; min_height_tablet=&#8220;&#8220; min_height_phone=&#8220;457px&#8220; min_height_last_edited=&#8220;on|phone&#8220; height=&#8220;550px&#8220; height_tablet=&#8220;550px&#8220; height_phone=&#8220;auto&#8220; height_last_edited=&#8220;on|phone&#8220; custom_margin=&#8220;||0px||false|false&#8220; custom_margin_tablet=&#8220;||35px||false|false&#8220; custom_margin_phone=&#8220;||35px||false|false&#8220; custom_margin_last_edited=&#8220;on|tablet&#8220; custom_css_free_form=&#8220;selector img{||  object-fit: cover;||  object-position: left;||}||@media (max-width:767px){||  selector img{||    object-position: center;||  }||}&#8220; global_colors_info=&#8220;{}&#8220;][\/et_pb_image][\/et_pb_column][\/et_pb_row][et_pb_row column_structure=&#8220;2_5,3_5&#8243; use_custom_gutter=&#8220;on&#8220; gutter_width=&#8220;1&#8243; make_equal=&#8220;on&#8220; custom_padding_last_edited=&#8220;on|phone&#8220; _builder_version=&#8220;4.27.4&#8243; _module_preset=&#8220;default&#8220; max_width=&#8220;1185px&#8220; custom_padding=&#8220;85px||85px||true|false&#8220; custom_padding_tablet=&#8220;85px||85px||true|false&#8220; custom_padding_phone=&#8220;30px||70px||false|false&#8220; animation_style=&#8220;fade&#8220; animation_duration=&#8220;800ms&#8220; animation_starting_opacity=&#8220;25%&#8220; border_width_bottom=&#8220;1px&#8220; border_color_bottom=&#8220;#FFFFFF&#8220; global_colors_info=&#8220;{}&#8220;][et_pb_column type=&#8220;2_5&#8243; _builder_version=&#8220;4.27.4&#8243; _module_preset=&#8220;default&#8220; global_colors_info=&#8220;{}&#8220;][et_pb_image src=&#8220;https:\/\/www.daandl.com\/wp-content\/uploads\/2026\/02\/communaute.webp&#8220; title_text=&#8220;communaute&#8220; align_tablet=&#8220;left&#8220; align_phone=&#8220;right&#8220; align_last_edited=&#8220;on|tablet&#8220; module_id=&#8220;club-row-1-img&#8220; _builder_version=&#8220;4.27.4&#8243; _module_preset=&#8220;default&#8220; max_width=&#8220;381px&#8220; min_height_tablet=&#8220;&#8220; min_height_phone=&#8220;551px&#8220; min_height_last_edited=&#8220;on|phone&#8220; height=&#8220;550px&#8220; height_tablet=&#8220;550px&#8220; height_phone=&#8220;auto&#8220; height_last_edited=&#8220;on|phone&#8220; max_height_tablet=&#8220;&#8220; max_height_phone=&#8220;75vh&#8220; max_height_last_edited=&#8220;on|phone&#8220; custom_margin=&#8220;|50px|||false|false&#8220; custom_margin_tablet=&#8220;30px|0px|42px||false|false&#8220; custom_margin_phone=&#8220;|0px|43px||false|false&#8220; custom_margin_last_edited=&#8220;on|tablet&#8220; custom_css_free_form=&#8220;selector img{||  object-fit: cover;||  object-position: left;||}&#8220; global_colors_info=&#8220;{}&#8220;][\/et_pb_image][\/et_pb_column][et_pb_column type=&#8220;3_5&#8243; module_class=&#8220;vertical-center&#8220; _builder_version=&#8220;4.27.4&#8243; _module_preset=&#8220;default&#8220; global_colors_info=&#8220;{}&#8220;][et_pb_image src=&#8220;https:\/\/www.daandl.com\/wp-content\/uploads\/2025\/11\/Group-169.png&#8220; title_text=&#8220;Group 169&#8243; align_tablet=&#8220;right&#8220; align_last_edited=&#8220;off|tablet&#8220; _builder_version=&#8220;4.27.4&#8243; _module_preset=&#8220;default&#8220; custom_margin=&#8220;||15px||false|false&#8220; global_colors_info=&#8220;{}&#8220;][\/et_pb_image][et_pb_text _builder_version=&#8220;4.27.4&#8243; _module_preset=&#8220;default&#8220; header_2_font=&#8220;Brandon regular|700||on|||||&#8220; header_2_text_color=&#8220;#FFFFFF&#8220; header_2_font_size=&#8220;42px&#8220; header_2_letter_spacing=&#8220;0.5px&#8220; header_2_line_height=&#8220;1.3em&#8220; custom_margin=&#8220;||40px||false|false&#8220; custom_margin_tablet=&#8220;||40px||false|false&#8220; custom_margin_phone=&#8220;||10px||false|false&#8220; custom_margin_last_edited=&#8220;on|phone&#8220; header_2_text_align_tablet=&#8220;right&#8220; header_2_text_align_last_edited=&#8220;off|tablet&#8220; header_2_font_size_tablet=&#8220;42px&#8220; header_2_font_size_phone=&#8220;22px&#8220; header_2_font_size_last_edited=&#8220;on|phone&#8220; global_colors_info=&#8220;{}&#8220;]<\/p>\n<h2>Im Fokus steht der Aufbau einer qualit\u00e4tsorientierten, meinungsbildenden europ\u00e4ischen Community mit hoher fachlicher Expertise.<\/h2>\n<p>[\/et_pb_text][et_pb_text _builder_version=&#8220;4.27.4&#8243; _module_preset=&#8220;default&#8220; text_text_color=&#8220;#FFFFFF&#8220; text_orientation=&#8220;justified&#8220; global_colors_info=&#8220;{}&#8220;]<\/p>\n<div class=\"club-txt-wrap\">\n<div>Eine Mitgliedschaft im Daandl Club er\u00f6ffnet Zugang zu einem professionell kuratierten Programm: gezielte Pr\u00e4senz auf den Daandl Plattformen, Einladungen zu ausgew\u00e4hlten Branchenevents, Messen und Ausstellungen, Teilnahme an Talks sowie exklusive Networking-Formate mit zentralen Marktakteuren.<\/div>\n<div>Der Daandl Club bietet damit eine effektive M\u00f6glichkeit, bestehende Kontakte zu vertiefen, neue Partnerschaften zu initiieren und die eigene Reichweite strategisch auszubauen. Ein leistungsstarkes Instrument zur Skalierung von Projekten, zur Positionierung der eigenen Expertise und zur nachhaltigen St\u00e4rkung der Marktpr\u00e4senz auf europ\u00e4ischer Ebene. <\/div>\n<\/div>\n<p>[\/et_pb_text][\/et_pb_column][\/et_pb_row][et_pb_row column_structure=&#8220;1_2,1_2&#8243; make_equal=&#8220;on&#8220; custom_padding_last_edited=&#8220;on|desktop&#8220; module_id=&#8220;club-form&#8220; _builder_version=&#8220;4.27.4&#8243; _module_preset=&#8220;default&#8220; custom_padding=&#8220;256px||293px||false|false&#8220; custom_padding_tablet=&#8220;256px||293px||false|false&#8220; custom_padding_phone=&#8220;92px||85px||false|false&#8220; global_colors_info=&#8220;{}&#8220;][et_pb_column type=&#8220;1_2&#8243; module_class=&#8220;vertical-center&#8220; _builder_version=&#8220;4.27.4&#8243; _module_preset=&#8220;default&#8220; global_colors_info=&#8220;{}&#8220;][et_pb_text _builder_version=&#8220;4.27.4&#8243; _module_preset=&#8220;default&#8220; text_text_color=&#8220;#FFFFFF&#8220; header_2_font=&#8220;Brandon regular|700||on|||||&#8220; header_2_text_color=&#8220;#FFFFFF&#8220; header_2_font_size=&#8220;42px&#8220; header_2_letter_spacing=&#8220;0.5px&#8220; header_2_line_height=&#8220;1.3em&#8220; custom_margin=&#8220;||||false|false&#8220; custom_margin_tablet=&#8220;||||false|false&#8220; custom_margin_phone=&#8220;||70px||false|false&#8220; custom_margin_last_edited=&#8220;on|phone&#8220; header_2_font_size_tablet=&#8220;42px&#8220; header_2_font_size_phone=&#8220;&#8220; header_2_font_size_last_edited=&#8220;on|phone&#8220; text_orientation_tablet=&#8220;&#8220; text_orientation_phone=&#8220;center&#8220; text_orientation_last_edited=&#8220;on|phone&#8220; global_colors_info=&#8220;{}&#8220;]<\/p>\n<h2>Zugang zum <br \/>Club<br \/><\/h2>\n<p>M\u00f6chten Sie unserem Club beitreten?<br \/>Fordern Sie Ihren pers\u00f6nlichen Zugang an.<\/p>\n<p>[\/et_pb_text][\/et_pb_column][et_pb_column type=&#8220;1_2&#8243; module_class=&#8220;vertical-center&#8220; _builder_version=&#8220;4.27.4&#8243; _module_preset=&#8220;default&#8220; global_colors_info=&#8220;{}&#8220;][et_pb_contact_form use_spam_service=&#8220;on&#8220; recaptcha_list=&#8220;Daandl|Daandl-0&#8243; email=&#8220;pernille@daandl.com&#8220; custom_message=&#8220;Nouveau message sur la page Club de Daandl||et_pb_line_break_holder||||et_pb_line_break_holder||Cabinet \/ Studio : %%Cabinet%%||et_pb_line_break_holder||Nom : %%Nom%%||et_pb_line_break_holder||Pr\u00e9nom : %%Pr\u00e9nom%%||et_pb_line_break_holder||Email : %%Email%%&#8220; success_message=&#8220;Bienvenu dans le club Daandl, nous revenons vers vous rapidement&#8220; submit_button_text=&#8220;Senden&#8220; _builder_version=&#8220;4.27.4&#8243; _module_preset=&#8220;default&#8220; _unique_id=&#8220;155e14fd-0b89-49a2-9be7-4c6179c53338&#8243; form_field_background_color=&#8220;RGBA(255,255,255,0)&#8220; form_field_text_color=&#8220;#FFFFFF&#8220; form_field_focus_text_color=&#8220;#FFFFFF&#8220; form_field_custom_padding=&#8220;||8px|0px|false|false&#8220; form_field_font_size=&#8220;21px&#8220; custom_button=&#8220;on&#8220; button_text_size=&#8220;21px&#8220; button_text_color=&#8220;#000000&#8243; button_bg_color=&#8220;#FFFFFF&#8220; button_border_width=&#8220;1px&#8220; button_border_color=&#8220;#FFFFFF&#8220; button_border_radius=&#8220;0px&#8220; button_font=&#8220;|600|||||||&#8220; button_use_icon=&#8220;off&#8220; custom_padding=&#8220;|||10px|false|false&#8220; hover_enabled=&#8220;0&#8243; button_bg_color_last_edited=&#8220;off|desktop&#8220; custom_css_free_form=&#8220;selector button.et_pb_contact_submit.et_pb_button {||    width: 100%;||    margin-left: 0px;||    margin-top: 20px;||}||||selector .et_contact_bottom_container {||    width: 100%;||}||||selector p.et_pb_contact_field {||    padding-left: 0px;||}||||selector .et-pb-contact-message {||    color: white;||    margin-bottom: 20px;||}||||selector .et-pb-contact-message ul {||    padding-bottom: 0px;||}&#8220; border_width_bottom=&#8220;1px&#8220; border_color_bottom=&#8220;#FFFFFF&#8220; global_colors_info=&#8220;{}&#8220; button_text_color__hover_enabled=&#8220;on|hover&#8220; button_text_color__hover=&#8220;#FFFFFF&#8220; button_bg_color__hover_enabled=&#8220;on|hover&#8220; button_bg_color__hover=&#8220;RGBA(255,255,255,0)&#8220; button_bg_enable_color__hover=&#8220;on&#8220; sticky_enabled=&#8220;0&#8243;][et_pb_contact_field field_id=&#8220;Cabinet&#8220; field_title=&#8220;Name des Studios&#8220; required_mark=&#8220;off&#8220; fullwidth_field=&#8220;on&#8220; _builder_version=&#8220;4.27.4&#8243; global_colors_info=&#8220;{}&#8220; button_text_size__hover_enabled=&#8220;off&#8220; button_one_text_size__hover_enabled=&#8220;off&#8220; button_two_text_size__hover_enabled=&#8220;off&#8220; button_text_color__hover_enabled=&#8220;off&#8220; button_one_text_color__hover_enabled=&#8220;off&#8220; button_two_text_color__hover_enabled=&#8220;off&#8220; button_border_width__hover_enabled=&#8220;off&#8220; button_one_border_width__hover_enabled=&#8220;off&#8220; button_two_border_width__hover_enabled=&#8220;off&#8220; button_border_color__hover_enabled=&#8220;off&#8220; button_one_border_color__hover_enabled=&#8220;off&#8220; button_two_border_color__hover_enabled=&#8220;off&#8220; button_border_radius__hover_enabled=&#8220;off&#8220; button_one_border_radius__hover_enabled=&#8220;off&#8220; button_two_border_radius__hover_enabled=&#8220;off&#8220; button_letter_spacing__hover_enabled=&#8220;off&#8220; button_one_letter_spacing__hover_enabled=&#8220;off&#8220; button_two_letter_spacing__hover_enabled=&#8220;off&#8220; button_bg_color__hover_enabled=&#8220;off&#8220; button_one_bg_color__hover_enabled=&#8220;off&#8220; button_two_bg_color__hover_enabled=&#8220;off&#8220;][\/et_pb_contact_field][et_pb_contact_field field_id=&#8220;Nom&#8220; field_title=&#8220;Nachname&#8220; fullwidth_field=&#8220;on&#8220; _builder_version=&#8220;4.27.4&#8243; global_colors_info=&#8220;{}&#8220; button_text_size__hover_enabled=&#8220;off&#8220; button_one_text_size__hover_enabled=&#8220;off&#8220; button_two_text_size__hover_enabled=&#8220;off&#8220; button_text_color__hover_enabled=&#8220;off&#8220; button_one_text_color__hover_enabled=&#8220;off&#8220; button_two_text_color__hover_enabled=&#8220;off&#8220; button_border_width__hover_enabled=&#8220;off&#8220; button_one_border_width__hover_enabled=&#8220;off&#8220; button_two_border_width__hover_enabled=&#8220;off&#8220; button_border_color__hover_enabled=&#8220;off&#8220; button_one_border_color__hover_enabled=&#8220;off&#8220; button_two_border_color__hover_enabled=&#8220;off&#8220; button_border_radius__hover_enabled=&#8220;off&#8220; button_one_border_radius__hover_enabled=&#8220;off&#8220; button_two_border_radius__hover_enabled=&#8220;off&#8220; button_letter_spacing__hover_enabled=&#8220;off&#8220; button_one_letter_spacing__hover_enabled=&#8220;off&#8220; button_two_letter_spacing__hover_enabled=&#8220;off&#8220; button_bg_color__hover_enabled=&#8220;off&#8220; button_one_bg_color__hover_enabled=&#8220;off&#8220; button_two_bg_color__hover_enabled=&#8220;off&#8220;][\/et_pb_contact_field][et_pb_contact_field field_id=&#8220;Pr\u00e9nom&#8220; field_title=&#8220;Vorname&#8220; fullwidth_field=&#8220;on&#8220; _builder_version=&#8220;4.27.4&#8243; global_colors_info=&#8220;{}&#8220; button_text_size__hover_enabled=&#8220;off&#8220; button_one_text_size__hover_enabled=&#8220;off&#8220; button_two_text_size__hover_enabled=&#8220;off&#8220; button_text_color__hover_enabled=&#8220;off&#8220; button_one_text_color__hover_enabled=&#8220;off&#8220; button_two_text_color__hover_enabled=&#8220;off&#8220; button_border_width__hover_enabled=&#8220;off&#8220; button_one_border_width__hover_enabled=&#8220;off&#8220; button_two_border_width__hover_enabled=&#8220;off&#8220; button_border_color__hover_enabled=&#8220;off&#8220; button_one_border_color__hover_enabled=&#8220;off&#8220; button_two_border_color__hover_enabled=&#8220;off&#8220; button_border_radius__hover_enabled=&#8220;off&#8220; button_one_border_radius__hover_enabled=&#8220;off&#8220; button_two_border_radius__hover_enabled=&#8220;off&#8220; button_letter_spacing__hover_enabled=&#8220;off&#8220; button_one_letter_spacing__hover_enabled=&#8220;off&#8220; button_two_letter_spacing__hover_enabled=&#8220;off&#8220; button_bg_color__hover_enabled=&#8220;off&#8220; button_one_bg_color__hover_enabled=&#8220;off&#8220; button_two_bg_color__hover_enabled=&#8220;off&#8220;][\/et_pb_contact_field][et_pb_contact_field field_id=&#8220;Email&#8220; field_title=&#8220;E-Mail-Adresse&#8220; field_type=&#8220;email&#8220; fullwidth_field=&#8220;on&#8220; _builder_version=&#8220;4.27.4&#8243; global_colors_info=&#8220;{}&#8220; button_text_size__hover_enabled=&#8220;off&#8220; button_one_text_size__hover_enabled=&#8220;off&#8220; button_two_text_size__hover_enabled=&#8220;off&#8220; button_text_color__hover_enabled=&#8220;off&#8220; button_one_text_color__hover_enabled=&#8220;off&#8220; button_two_text_color__hover_enabled=&#8220;off&#8220; button_border_width__hover_enabled=&#8220;off&#8220; button_one_border_width__hover_enabled=&#8220;off&#8220; button_two_border_width__hover_enabled=&#8220;off&#8220; button_border_color__hover_enabled=&#8220;off&#8220; button_one_border_color__hover_enabled=&#8220;off&#8220; button_two_border_color__hover_enabled=&#8220;off&#8220; button_border_radius__hover_enabled=&#8220;off&#8220; button_one_border_radius__hover_enabled=&#8220;off&#8220; button_two_border_radius__hover_enabled=&#8220;off&#8220; button_letter_spacing__hover_enabled=&#8220;off&#8220; button_one_letter_spacing__hover_enabled=&#8220;off&#8220; button_two_letter_spacing__hover_enabled=&#8220;off&#8220; button_bg_color__hover_enabled=&#8220;off&#8220; button_one_bg_color__hover_enabled=&#8220;off&#8220; button_two_bg_color__hover_enabled=&#8220;off&#8220;][\/et_pb_contact_field][\/et_pb_contact_form][\/et_pb_column][\/et_pb_row][et_pb_row make_equal=&#8220;on&#8220; custom_padding_last_edited=&#8220;on|phone&#8220; module_id=&#8220;club-message-success&#8220; _builder_version=&#8220;4.27.4&#8243; _module_preset=&#8220;default&#8220; custom_padding=&#8220;300px||293px||false|false&#8220; custom_padding_tablet=&#8220;300px||293px||false|false&#8220; custom_padding_phone=&#8220;200px||200px||false|false&#8220; global_colors_info=&#8220;{}&#8220;][et_pb_column type=&#8220;4_4&#8243; module_class=&#8220;vertical-center&#8220; _builder_version=&#8220;4.27.4&#8243; _module_preset=&#8220;default&#8220; global_colors_info=&#8220;{}&#8220;][et_pb_text _builder_version=&#8220;4.27.4&#8243; _module_preset=&#8220;default&#8220; text_text_color=&#8220;#FFFFFF&#8220; text_font_size=&#8220;32px&#8220; text_line_height=&#8220;1.2em&#8220; text_orientation=&#8220;center&#8220; global_colors_info=&#8220;{}&#8220;]<\/p>\n<p><strong>Willkommen im Daandl Club,<\/strong><br \/>wir melden uns schnellstm\u00f6glich bei Ihnen.<\/p>\n<p>[\/et_pb_text][\/et_pb_column][\/et_pb_row][\/et_pb_section]<\/p>\n","protected":false},"excerpt":{"rendered":"<p>Das f\u00fchrende europ\u00e4ische Netzwerk f\u00fcr Interior-Design-ProfessionalsDer Daandl Club richtet sich an Architekten, Innenarchitekten und Designer, die ihr professionelles Netzwerk gezielt erweitern und ihre Marktposition im europ\u00e4ischen Interior-Design-Umfeld st\u00e4rken m\u00f6chten. Als exklusiv kuratiertes Business-Netzwerk bietet der Club Zugang zu relevanten Entscheidungstr\u00e4gern, etablierten Marken und ausgew\u00e4hlten kreativen Talenten. Mit dem Ziel, die Akteure des Interior Designs effizient [&hellip;]<\/p>\n","protected":false},"author":2,"featured_media":0,"parent":0,"menu_order":0,"comment_status":"closed","ping_status":"closed","template":"","meta":{"_et_pb_use_builder":"on","_et_pb_old_content":"","_et_gb_content_width":"","inline_featured_image":false,"footnotes":""},"class_list":["post-2828","page","type-page","status-publish","hentry"],"_links":{"self":[{"href":"https:\/\/www.daandl.com\/de\/wp-json\/wp\/v2\/pages\/2828","targetHints":{"allow":["GET"]}}],"collection":[{"href":"https:\/\/www.daandl.com\/de\/wp-json\/wp\/v2\/pages"}],"about":[{"href":"https:\/\/www.daandl.com\/de\/wp-json\/wp\/v2\/types\/page"}],"author":[{"embeddable":true,"href":"https:\/\/www.daandl.com\/de\/wp-json\/wp\/v2\/users\/2"}],"replies":[{"embeddable":true,"href":"https:\/\/www.daandl.com\/de\/wp-json\/wp\/v2\/comments?post=2828"}],"version-history":[{"count":2,"href":"https:\/\/www.daandl.com\/de\/wp-json\/wp\/v2\/pages\/2828\/revisions"}],"predecessor-version":[{"id":2830,"href":"https:\/\/www.daandl.com\/de\/wp-json\/wp\/v2\/pages\/2828\/revisions\/2830"}],"wp:attachment":[{"href":"https:\/\/www.daandl.com\/de\/wp-json\/wp\/v2\/media?parent=2828"}],"curies":[{"name":"wp","href":"https:\/\/api.w.org\/{rel}","templated":true}]}}