{"id":1026,"date":"2025-08-21T09:44:49","date_gmt":"2025-08-21T09:44:49","guid":{"rendered":"https:\/\/www.daandl.com\/evenements\/"},"modified":"2025-11-11T16:26:10","modified_gmt":"2025-11-11T16:26:10","slug":"veranstaltungen","status":"publish","type":"page","link":"https:\/\/www.daandl.com\/de\/veranstaltungen\/","title":{"rendered":"\u00c9v\u00e8nements"},"content":{"rendered":"<p>[et_pb_section fb_built=&#8220;1&#8243; module_id=&#8220;evt-sec-1&#8243; _builder_version=&#8220;4.27.4&#8243; _module_preset=&#8220;default&#8220; background_video_mp4=&#8220;https:\/\/www.daandl.com\/wp-content\/uploads\/2025\/08\/Event_Daandl.mp4&#8243; height=&#8220;100vh&#8220; custom_padding=&#8220;0px||0px||true|false&#8220; global_colors_info=&#8220;{}&#8220;][\/et_pb_section][et_pb_section fb_built=&#8220;1&#8243; custom_padding_last_edited=&#8220;on|phone&#8220; module_id=&#8220;evt-sec-2&#8243; _builder_version=&#8220;4.27.4&#8243; _module_preset=&#8220;default&#8220; custom_padding=&#8220;0px||135px||false|false&#8220; custom_padding_tablet=&#8220;0px||135px||false|false&#8220; custom_padding_phone=&#8220;0px||100px||false|false&#8220; locked=&#8220;off&#8220; global_colors_info=&#8220;{}&#8220;][et_pb_row custom_padding_last_edited=&#8220;on|phone&#8220; module_id=&#8220;evt-row-1&#8243; _builder_version=&#8220;4.27.4&#8243; _module_preset=&#8220;default&#8220; custom_margin=&#8220;||||false|false&#8220; custom_padding=&#8220;129px||0px||false|false&#8220; custom_padding_tablet=&#8220;106px||0px||false|false&#8220; custom_padding_phone=&#8220;60px||0px||false|false&#8220; collapsed=&#8220;on&#8220; global_colors_info=&#8220;{}&#8220;][et_pb_column type=&#8220;4_4&#8243; _builder_version=&#8220;4.27.4&#8243; _module_preset=&#8220;default&#8220; global_colors_info=&#8220;{}&#8220;][et_pb_text module_class=&#8220;underline-c&#8220; _builder_version=&#8220;4.27.4&#8243; _module_preset=&#8220;default&#8220; header_2_font=&#8220;|||on|||||&#8220; header_2_text_align=&#8220;center&#8220; header_2_font_size=&#8220;25px&#8220; max_width=&#8220;722px&#8220; module_alignment=&#8220;center&#8220; custom_margin=&#8220;||35px||false|false&#8220; scroll_vertical_motion=&#8220;0|45|45|100|0.35|0|0&#8243; scroll_fade=&#8220;0|23|23|100|0|100|100&#8243; scroll_scaling=&#8220;0|45|45|100|95%|100|100&#8243; header_2_font_size_tablet=&#8220;25px&#8220; header_2_font_size_phone=&#8220;24px&#8220; header_2_font_size_last_edited=&#8220;on|phone&#8220; global_colors_info=&#8220;{}&#8220;]<\/p>\n<h2>Ma\u00dfgeschneiderte Events: Nachhaltige Synergien zwischen Marken und Planern schaffen<\/h2>\n<p>[\/et_pb_text][et_pb_text _builder_version=&#8220;4.27.4&#8243; _module_preset=&#8220;default&#8220; text_orientation=&#8220;justified&#8220; max_width=&#8220;625px&#8220; module_alignment=&#8220;center&#8220; scroll_vertical_motion=&#8220;0|45|45|100|0.35|0|0&#8243; scroll_fade=&#8220;0|23|23|100|0|100|100&#8243; scroll_scaling=&#8220;0|45|45|100|95%|100|100&#8243; global_colors_info=&#8220;{}&#8220;]<\/p>\n<p>Wir entwickeln und organisieren Events, die als echte Katalysatoren f\u00fcr bedeutungsvolle Begegnungen zwischen Designmarken und Planer: innen wirken. Ob exklusive Dinner, intime Cocktailabende, offene Showroom-Tage oder pers\u00f6nliche Einzelgespr\u00e4che jedes Format ist gezielt konzipiert, um den direkten Dialog zu f\u00f6rdern, Vertrauen aufzubauen und langfristige Kooperationen anzusto\u00dfen. <\/p>\n<p>[\/et_pb_text][\/et_pb_column][\/et_pb_row][et_pb_row _builder_version=&#8220;4.27.4&#8243; _module_preset=&#8220;default&#8220; max_width=&#8220;625px&#8220; custom_margin=&#8220;129px||||false|false&#8220; custom_margin_tablet=&#8220;110px||||false|false&#8220; custom_margin_phone=&#8220;54px||||false|false&#8220; custom_margin_last_edited=&#8220;on|phone&#8220; custom_padding=&#8220;0px||0px||true|false&#8220; global_colors_info=&#8220;{}&#8220;][et_pb_column type=&#8220;4_4&#8243; _builder_version=&#8220;4.27.4&#8243; _module_preset=&#8220;default&#8220; global_colors_info=&#8220;{}&#8220;][et_pb_video src=&#8220;https:\/\/www.daandl.com\/wp-content\/uploads\/2025\/10\/Daandl_Loop_Events.mp4&#8243; module_class=&#8220;rc-video-autoplay&#8220; _builder_version=&#8220;4.27.4&#8243; _module_preset=&#8220;default&#8220; width=&#8220;495px&#8220; width_tablet=&#8220;495px&#8220; width_phone=&#8220;100vw&#8220; width_last_edited=&#8220;on|phone&#8220; module_alignment=&#8220;right&#8220; custom_margin_tablet=&#8220;&#8220; custom_margin_phone=&#8220;|||-10vw|false|false&#8220; custom_margin_last_edited=&#8220;on|phone&#8220; module_alignment_tablet=&#8220;right&#8220; module_alignment_phone=&#8220;&#8220; module_alignment_last_edited=&#8220;on|phone&#8220; custom_css_free_form=&#8220;@media (min-width: 767px){||  selector video{||    min-height:305px !important;||    object-fit:cover;||  }||}||@media (max-width: 767px){||  body #main-content selector{||    margin-left: -10vw !important;||  }||}&#8220; global_colors_info=&#8220;{}&#8220;][\/et_pb_video][\/et_pb_column][\/et_pb_row][et_pb_row column_structure=&#8220;3_5,2_5&#8243; use_custom_gutter=&#8220;on&#8220; gutter_width=&#8220;1&#8243; _builder_version=&#8220;4.27.4&#8243; _module_preset=&#8220;default&#8220; custom_padding=&#8220;0px||0px||true|false&#8220; global_colors_info=&#8220;{}&#8220;][et_pb_column type=&#8220;3_5&#8243; _builder_version=&#8220;4.27.4&#8243; _module_preset=&#8220;default&#8220; global_colors_info=&#8220;{}&#8220;][et_pb_text disabled_on=&#8220;on|off|off&#8220; _builder_version=&#8220;4.27.4&#8243; _module_preset=&#8220;default&#8220; text_text_color=&#8220;#FFFFFF&#8220; header_3_font=&#8220;|700||on|||||&#8220; header_3_text_align=&#8220;left&#8220; header_3_text_color=&#8220;#FFFFFF&#8220; header_3_font_size=&#8220;18px&#8220; header_3_letter_spacing=&#8220;0.1px&#8220; header_3_line_height=&#8220;1.45em&#8220; background_color=&#8220;gcid-primary-color&#8220; text_orientation=&#8220;justified&#8220; max_width=&#8220;494px&#8220; module_alignment=&#8220;right&#8220; custom_margin=&#8220;-58px||||false|false&#8220; custom_margin_tablet=&#8220;50px|||0px|false|false&#8220; custom_margin_phone=&#8220;30px|||0px|false|false&#8220; custom_margin_last_edited=&#8220;on|tablet&#8220; custom_padding=&#8220;70px|70px|70px|70px|true|true&#8220; scroll_vertical_motion=&#8220;0|45|45|100|0.35|0|0&#8243; scroll_fade=&#8220;0|23|23|100|0|100|100&#8243; scroll_scaling=&#8220;0|45|45|100|95%|100|100&#8243; module_alignment_tablet=&#8220;center&#8220; module_alignment_phone=&#8220;center&#8220; module_alignment_last_edited=&#8220;on|tablet&#8220; locked=&#8220;off&#8220; global_colors_info=&#8220;{%22gcid-primary-color%22:%91%22background_color%22%93}&#8220;]<\/p>\n<h3>An au\u00dfergew\u00f6hnlichen Orten inszeniert<\/h3>\n<div style=\"margin-bottom: 25px;\">Erm\u00f6glichen diese Veranstaltungen den Teilnehmenden, Kollektionen, Materialien und Handwerkskunst hautnah zu erleben und zugleich ihr Netzwerk mit hoch relevanten Kontakten zu erweitern. F\u00fcr Marken bieten sie die strategische Gelegenheit, mit qualifizierten Planer: innen in Kontakt zu treten, die aktiv an Projekten mit hohem Potenzial arbeiten. <\/div>\n<p>Dank pr\u00e4ziser Vorbereitung gestalten wir gezielte Einzelgespr\u00e4che, die echte Partnerschaften f\u00f6rdern. Bereits im Vorfeld analysieren wir die Projekte der teilnehmenden Planer: innen, erstellen individuelle Briefings f\u00fcr die Marken und erm\u00f6glichen so ma\u00dfgeschneiderte, relevante Begegnungen. <\/p>\n<p>[\/et_pb_text][et_pb_text disabled_on=&#8220;off|on|on&#8220; module_class=&#8220;underline-c&#8220; _builder_version=&#8220;4.27.4&#8243; _module_preset=&#8220;default&#8220; header_2_font=&#8220;|||on|||||&#8220; header_2_text_align=&#8220;center&#8220; header_2_font_size=&#8220;25px&#8220; max_width=&#8220;722px&#8220; module_alignment=&#8220;center&#8220; custom_margin=&#8220;80px||35px||false|false&#8220; scroll_vertical_motion=&#8220;0|45|45|100|0.35|0|0&#8243; scroll_fade=&#8220;0|23|23|100|0|100|100&#8243; scroll_scaling=&#8220;0|45|45|100|95%|100|100&#8243; header_2_font_size_tablet=&#8220;25px&#8220; header_2_font_size_phone=&#8220;24px&#8220; header_2_font_size_last_edited=&#8220;on|phone&#8220; locked=&#8220;off&#8220; global_colors_info=&#8220;{}&#8220;]<\/p>\n<h2>An au\u00dfergew\u00f6hnlichen Orten inszeniert<\/h2>\n<p>[\/et_pb_text][\/et_pb_column][et_pb_column type=&#8220;2_5&#8243; _builder_version=&#8220;4.27.4&#8243; _module_preset=&#8220;default&#8220; horizontal_offset=&#8220;0px&#8220; z_index=&#8220;4&#8243; global_colors_info=&#8220;{}&#8220;][et_pb_image src=&#8220;https:\/\/www.daandl.com\/wp-content\/uploads\/2025\/09\/Daandl_Evenements_Lieux_Architecture-\u00a9Geoffrey-Bellec-SOHO-Galaxy-Pekin-1.webp&#8220; title_text=&#8220;Daandl_Evenements_Lieux_Architecture \u00a9Geoffrey Bellec SOHO Galaxy Pekin&#8220; src_tablet=&#8220;https:\/\/www.daandl.com\/wp-content\/uploads\/2025\/08\/Rectangle-73.png&#8220; src_phone=&#8220;https:\/\/www.daandl.com\/wp-content\/uploads\/2025\/08\/Rectangle-74.png&#8220; src_last_edited=&#8220;on|phone&#8220; align_tablet=&#8220;center&#8220; align_phone=&#8220;center&#8220; align_last_edited=&#8220;on|tablet&#8220; _builder_version=&#8220;4.27.4&#8243; _module_preset=&#8220;default&#8220; max_width=&#8220;318px&#8220; max_width_tablet=&#8220;318px&#8220; max_width_phone=&#8220;318px&#8220; max_width_last_edited=&#8220;on|desktop&#8220; custom_margin=&#8220;262px|||-30px|false|false&#8220; custom_margin_tablet=&#8220;50px|||-30px|false|false&#8220; custom_margin_phone=&#8220;0px|||0px|false|false&#8220; custom_margin_last_edited=&#8220;on|tablet&#8220; scroll_vertical_motion=&#8220;0|45|45|100|0.35|0|0&#8243; scroll_fade=&#8220;0|23|23|100|0|100|100&#8243; scroll_scaling=&#8220;0|45|45|100|95%|100|100&#8243; custom_css_free_form=&#8220;@media (max-width:500px){||  selector img,||   selector .et_pb_image_wrap {||    width:100% !important;||  }||}&#8220; global_colors_info=&#8220;{}&#8220;][\/et_pb_image][et_pb_text disabled_on=&#8220;off|on|on&#8220; _builder_version=&#8220;4.27.4&#8243; _module_preset=&#8220;default&#8220; text_font_size=&#8220;18px&#8220; text_line_height=&#8220;1.55em&#8220; text_orientation=&#8220;justified&#8220; custom_margin=&#8220;40px||||false|false&#8220; scroll_vertical_motion=&#8220;0|45|45|100|0.35|0|0&#8243; scroll_fade=&#8220;0|23|23|100|0|100|100&#8243; scroll_scaling=&#8220;0|45|45|100|95%|100|100&#8243; global_colors_info=&#8220;{}&#8220;]<\/p>\n<p>Erm\u00f6glichen diese Veranstaltungen den Teilnehmenden, Kollektionen, Materialien und Handwerkskunst hautnah zu erleben und zugleich ihr Netzwerk mit hoch relevanten Kontakten zu erweitern. F\u00fcr Marken bieten sie die strategische Gelegenheit, mit qualifizierten Planer: innen in Kontakt zu treten, die aktiv an Projekten mit hohem Potenzial arbeiten. <\/p>\n<p>Dank pr\u00e4ziser Vorbereitung gestalten wir gezielte Einzelgespr\u00e4che, die echte Partnerschaften f\u00f6rdern. Bereits im Vorfeld analysieren wir die Projekte der teilnehmenden Planer: innen, erstellen individuelle Briefings f\u00fcr die Marken und erm\u00f6glichen so ma\u00dfgeschneiderte, relevante Begegnungen. <\/p>\n<p>[\/et_pb_text][\/et_pb_column][\/et_pb_row][\/et_pb_section][et_pb_section fb_built=&#8220;1&#8243; custom_padding_last_edited=&#8220;on|tablet&#8220; module_id=&#8220;evt-sec-3&#8243; _builder_version=&#8220;4.27.4&#8243; _module_preset=&#8220;default&#8220; background_color=&#8220;#000000&#8243; background_image=&#8220;https:\/\/www.daandl.com\/wp-content\/uploads\/2025\/08\/cover_events_banner.webp&#8220; custom_padding=&#8220;265px||265px||true|false&#8220; custom_padding_tablet=&#8220;200px||200px||true|false&#8220; custom_padding_phone=&#8220;147.5px||147.5px||true|false&#8220; hover_enabled=&#8220;0&#8243; global_colors_info=&#8220;{}&#8220; sticky_enabled=&#8220;0&#8243;][et_pb_row _builder_version=&#8220;4.27.4&#8243; _module_preset=&#8220;default&#8220; custom_padding=&#8220;0px||0px||true|false&#8220; global_colors_info=&#8220;{}&#8220;][et_pb_column type=&#8220;4_4&#8243; _builder_version=&#8220;4.27.4&#8243; _module_preset=&#8220;default&#8220; global_colors_info=&#8220;{}&#8220;][et_pb_text _builder_version=&#8220;4.27.4&#8243; _module_preset=&#8220;default&#8220; text_text_color=&#8220;#FFFFFF&#8220; text_font_size=&#8220;16px&#8220; text_orientation=&#8220;justified&#8220; max_width=&#8220;620px&#8220; module_alignment=&#8220;center&#8220; scroll_vertical_motion=&#8220;0|30|30|100|0.35|0|0&#8243; scroll_fade=&#8220;0|23|23|100|0|100|100&#8243; scroll_scaling=&#8220;0|30|30|100|95%|100|100&#8243; global_colors_info=&#8220;{}&#8220;]<\/p>\n<p>Dieser kuratierte Ansatz garantiert pers\u00f6nliche und zugleich effiziente Interaktionen, die klar auf die Ziele beider Seiten abgestimmt sind. Marken gewinnen an Sichtbarkeit und strategischen Einfluss, w\u00e4hrend Planer: innen neue Ressourcen entdecken, gezielte Kontakte kn\u00fcpfen und konkrete Kooperationsm\u00f6glichkeiten identifizieren. Unser Anspruch: Jedes Event soll mehr sein als ein einmaliges Erlebnis ein Impulsgeber f\u00fcr nachhaltige, inspirierende und gewinnbringende Synergien.  <\/p>\n<p>[\/et_pb_text][\/et_pb_column][\/et_pb_row][\/et_pb_section]<\/p>\n","protected":false},"excerpt":{"rendered":"<p>Ma\u00dfgeschneiderte Events: Nachhaltige Synergien zwischen Marken und Planern schaffenWir entwickeln und organisieren Events, die als echte Katalysatoren f\u00fcr bedeutungsvolle Begegnungen zwischen Designmarken und Planer: innen wirken. Ob exklusive Dinner, intime Cocktailabende, offene Showroom-Tage oder pers\u00f6nliche Einzelgespr\u00e4che jedes Format ist gezielt konzipiert, um den direkten Dialog zu f\u00f6rdern, Vertrauen aufzubauen und langfristige Kooperationen anzusto\u00dfen. An au\u00dfergew\u00f6hnlichen [&hellip;]<\/p>\n","protected":false},"author":2,"featured_media":0,"parent":0,"menu_order":0,"comment_status":"closed","ping_status":"closed","template":"","meta":{"_et_pb_use_builder":"on","_et_pb_old_content":"","_et_gb_content_width":"","inline_featured_image":false,"footnotes":""},"class_list":["post-1026","page","type-page","status-publish","hentry"],"_links":{"self":[{"href":"https:\/\/www.daandl.com\/de\/wp-json\/wp\/v2\/pages\/1026","targetHints":{"allow":["GET"]}}],"collection":[{"href":"https:\/\/www.daandl.com\/de\/wp-json\/wp\/v2\/pages"}],"about":[{"href":"https:\/\/www.daandl.com\/de\/wp-json\/wp\/v2\/types\/page"}],"author":[{"embeddable":true,"href":"https:\/\/www.daandl.com\/de\/wp-json\/wp\/v2\/users\/2"}],"replies":[{"embeddable":true,"href":"https:\/\/www.daandl.com\/de\/wp-json\/wp\/v2\/comments?post=1026"}],"version-history":[{"count":28,"href":"https:\/\/www.daandl.com\/de\/wp-json\/wp\/v2\/pages\/1026\/revisions"}],"predecessor-version":[{"id":2580,"href":"https:\/\/www.daandl.com\/de\/wp-json\/wp\/v2\/pages\/1026\/revisions\/2580"}],"wp:attachment":[{"href":"https:\/\/www.daandl.com\/de\/wp-json\/wp\/v2\/media?parent=1026"}],"curies":[{"name":"wp","href":"https:\/\/api.w.org\/{rel}","templated":true}]}}