{"id":1020,"date":"2025-08-21T09:44:49","date_gmt":"2025-08-21T09:44:49","guid":{"rendered":"https:\/\/www.daandl.com\/evenements\/"},"modified":"2025-11-11T16:26:00","modified_gmt":"2025-11-11T16:26:00","slug":"arrangementer","status":"publish","type":"page","link":"https:\/\/www.daandl.com\/da\/arrangementer\/","title":{"rendered":"\u00c9v\u00e8nements"},"content":{"rendered":"<p>[et_pb_section fb_built=&#8221;1&#8243; module_id=&#8221;evt-sec-1&#8243; _builder_version=&#8221;4.27.4&#8243; _module_preset=&#8221;default&#8221; background_video_mp4=&#8221;https:\/\/www.daandl.com\/wp-content\/uploads\/2025\/08\/Event_Daandl.mp4&#8243; height=&#8221;100vh&#8221; custom_padding=&#8221;0px||0px||true|false&#8221; global_colors_info=&#8221;{}&#8221;][\/et_pb_section][et_pb_section fb_built=&#8221;1&#8243; custom_padding_last_edited=&#8221;on|phone&#8221; module_id=&#8221;evt-sec-2&#8243; _builder_version=&#8221;4.27.4&#8243; _module_preset=&#8221;default&#8221; custom_padding=&#8221;0px||135px||false|false&#8221; custom_padding_tablet=&#8221;0px||135px||false|false&#8221; custom_padding_phone=&#8221;0px||100px||false|false&#8221; locked=&#8221;off&#8221; global_colors_info=&#8221;{}&#8221;][et_pb_row custom_padding_last_edited=&#8221;on|phone&#8221; module_id=&#8221;evt-row-1&#8243; _builder_version=&#8221;4.27.4&#8243; _module_preset=&#8221;default&#8221; custom_margin=&#8221;||||false|false&#8221; custom_padding=&#8221;129px||0px||false|false&#8221; custom_padding_tablet=&#8221;106px||0px||false|false&#8221; custom_padding_phone=&#8221;60px||0px||false|false&#8221; collapsed=&#8221;on&#8221; global_colors_info=&#8221;{}&#8221;][et_pb_column type=&#8221;4_4&#8243; _builder_version=&#8221;4.27.4&#8243; _module_preset=&#8221;default&#8221; global_colors_info=&#8221;{}&#8221;][et_pb_text module_class=&#8221;underline-c&#8221; _builder_version=&#8221;4.27.4&#8243; _module_preset=&#8221;default&#8221; header_2_font=&#8221;|||on|||||&#8221; header_2_text_align=&#8221;center&#8221; header_2_font_size=&#8221;25px&#8221; max_width=&#8221;722px&#8221; module_alignment=&#8221;center&#8221; custom_margin=&#8221;||35px||false|false&#8221; scroll_vertical_motion=&#8221;0|45|45|100|0.35|0|0&#8243; scroll_fade=&#8221;0|23|23|100|0|100|100&#8243; scroll_scaling=&#8221;0|45|45|100|95%|100|100&#8243; header_2_font_size_tablet=&#8221;25px&#8221; header_2_font_size_phone=&#8221;24px&#8221; header_2_font_size_last_edited=&#8221;on|phone&#8221; global_colors_info=&#8221;{}&#8221;]<\/p>\n<h2>Skr\u00e6ddersyede events: Varige synergier mellem brands og professionelle partnere<\/h2>\n<p>[\/et_pb_text][et_pb_text _builder_version=&#8221;4.27.4&#8243; _module_preset=&#8221;default&#8221; text_orientation=&#8221;justified&#8221; max_width=&#8221;625px&#8221; module_alignment=&#8221;center&#8221; scroll_vertical_motion=&#8221;0|45|45|100|0.35|0|0&#8243; scroll_fade=&#8221;0|23|23|100|0|100|100&#8243; scroll_scaling=&#8221;0|45|45|100|95%|100|100&#8243; global_colors_info=&#8221;{}&#8221;]<\/p>\n<p>Vi udvikler og iscenes\u00e6tter events, der fungerer som reelle katalysatorer for meningsfulde m\u00f8der mellem brands, designere og indretningsarkitekter. Intime middage, eksklusive cocktails, \u00e5bent hus, individuelle m\u00f8der&#8230; Hvert format er n\u00f8je tilpasset med henblik p\u00e5 at fremme dialog, gensidig l\u00e6ring og etablering af langvarige samarbejder. <\/p>\n<p>[\/et_pb_text][\/et_pb_column][\/et_pb_row][et_pb_row _builder_version=&#8221;4.27.4&#8243; _module_preset=&#8221;default&#8221; max_width=&#8221;625px&#8221; custom_margin=&#8221;129px||||false|false&#8221; custom_margin_tablet=&#8221;110px||||false|false&#8221; custom_margin_phone=&#8221;54px||||false|false&#8221; custom_margin_last_edited=&#8221;on|phone&#8221; custom_padding=&#8221;0px||0px||true|false&#8221; global_colors_info=&#8221;{}&#8221;][et_pb_column type=&#8221;4_4&#8243; _builder_version=&#8221;4.27.4&#8243; _module_preset=&#8221;default&#8221; global_colors_info=&#8221;{}&#8221;][et_pb_video src=&#8221;https:\/\/www.daandl.com\/wp-content\/uploads\/2025\/10\/Daandl_Loop_Events.mp4&#8243; module_class=&#8221;rc-video-autoplay&#8221; _builder_version=&#8221;4.27.4&#8243; _module_preset=&#8221;default&#8221; width=&#8221;495px&#8221; width_tablet=&#8221;495px&#8221; width_phone=&#8221;100vw&#8221; width_last_edited=&#8221;on|phone&#8221; module_alignment=&#8221;right&#8221; custom_margin_tablet=&#8221;&#8221; custom_margin_phone=&#8221;|||-10vw|false|false&#8221; custom_margin_last_edited=&#8221;on|phone&#8221; module_alignment_tablet=&#8221;right&#8221; module_alignment_phone=&#8221;&#8221; module_alignment_last_edited=&#8221;on|phone&#8221; custom_css_free_form=&#8221;@media (min-width: 767px){||  selector video{||    min-height:305px !important;||    object-fit:cover;||  }||}||@media (max-width: 767px){||  body #main-content selector{||    margin-left: -10vw !important;||  }||}&#8221; global_colors_info=&#8221;{}&#8221;][\/et_pb_video][\/et_pb_column][\/et_pb_row][et_pb_row column_structure=&#8221;3_5,2_5&#8243; use_custom_gutter=&#8221;on&#8221; gutter_width=&#8221;1&#8243; _builder_version=&#8221;4.27.4&#8243; _module_preset=&#8221;default&#8221; custom_padding=&#8221;0px||0px||true|false&#8221; global_colors_info=&#8221;{}&#8221;][et_pb_column type=&#8221;3_5&#8243; _builder_version=&#8221;4.27.4&#8243; _module_preset=&#8221;default&#8221; global_colors_info=&#8221;{}&#8221;][et_pb_text disabled_on=&#8221;on|off|off&#8221; _builder_version=&#8221;4.27.4&#8243; _module_preset=&#8221;default&#8221; text_text_color=&#8221;#FFFFFF&#8221; header_3_font=&#8221;|700||on|||||&#8221; header_3_text_align=&#8221;left&#8221; header_3_text_color=&#8221;#FFFFFF&#8221; header_3_font_size=&#8221;18px&#8221; header_3_letter_spacing=&#8221;0.1px&#8221; header_3_line_height=&#8221;1.45em&#8221; background_color=&#8221;gcid-primary-color&#8221; text_orientation=&#8221;justified&#8221; max_width=&#8221;494px&#8221; module_alignment=&#8221;right&#8221; custom_margin=&#8221;-58px||||false|false&#8221; custom_margin_tablet=&#8221;50px|||0px|false|false&#8221; custom_margin_phone=&#8221;30px|||0px|false|false&#8221; custom_margin_last_edited=&#8221;on|tablet&#8221; custom_padding=&#8221;70px|70px|70px|70px|true|true&#8221; scroll_vertical_motion=&#8221;0|45|45|100|0.35|0|0&#8243; scroll_fade=&#8221;0|23|23|100|0|100|100&#8243; scroll_scaling=&#8221;0|45|45|100|95%|100|100&#8243; module_alignment_tablet=&#8221;center&#8221; module_alignment_phone=&#8221;center&#8221; module_alignment_last_edited=&#8221;on|tablet&#8221; locked=&#8221;off&#8221; global_colors_info=&#8221;{%22gcid-primary-color%22:%91%22background_color%22%93}&#8221;]<\/p>\n<h3>Disse eksklusive arrangementer afholdes p\u00e5 s\u00e6rligt udvalgte steder<\/h3>\n<div style=\"margin-bottom: 25px;\">Og giver designere og indretningsarkitekter mulighed for at opleve B2B-kollektioner, holdbare materialer og eksklusivt h\u00e5ndv\u00e6rk p\u00e5 n\u00e6rt hold samtidig med at de skaber en personlig forbindelse til det enkelte brand. For brands er det en oplagt mulighed for at m\u00f8de kvalificerede professionelle partnere, der aktivt arbejder med projekter med stort potentiale en strategisk mulighed for at etablere langvarige relationer. <\/div>\n<p>Gennem omhyggelig planl\u00e6gning arrangerer vi en-til-en m\u00f8der, som har til form\u00e5l at skabe solide partnerskaber mellem brands, designere og indretningsarkitekter. Allerede i forberedelsesfasen st\u00f8tter vi salgsteams med grundig briefing og analyse af potentielle f\u00e6lles projekter for at sikre relevante og m\u00e5lrettede diskussioner. <\/p>\n<p>[\/et_pb_text][et_pb_text disabled_on=&#8221;off|on|on&#8221; module_class=&#8221;underline-c&#8221; _builder_version=&#8221;4.27.4&#8243; _module_preset=&#8221;default&#8221; header_2_font=&#8221;|||on|||||&#8221; header_2_text_align=&#8221;center&#8221; header_2_font_size=&#8221;25px&#8221; max_width=&#8221;722px&#8221; module_alignment=&#8221;center&#8221; custom_margin=&#8221;80px||35px||false|false&#8221; scroll_vertical_motion=&#8221;0|45|45|100|0.35|0|0&#8243; scroll_fade=&#8221;0|23|23|100|0|100|100&#8243; scroll_scaling=&#8221;0|45|45|100|95%|100|100&#8243; header_2_font_size_tablet=&#8221;25px&#8221; header_2_font_size_phone=&#8221;24px&#8221; header_2_font_size_last_edited=&#8221;on|phone&#8221; locked=&#8221;off&#8221; global_colors_info=&#8221;{}&#8221;]<\/p>\n<h2>Disse eksklusive arrangementer afholdes p\u00e5 s\u00e6rligt udvalgte steder<\/h2>\n<p>[\/et_pb_text][\/et_pb_column][et_pb_column type=&#8221;2_5&#8243; _builder_version=&#8221;4.27.4&#8243; _module_preset=&#8221;default&#8221; horizontal_offset=&#8221;0px&#8221; z_index=&#8221;4&#8243; global_colors_info=&#8221;{}&#8221;][et_pb_image src=&#8221;https:\/\/www.daandl.com\/wp-content\/uploads\/2025\/09\/Daandl_Evenements_Lieux_Architecture-\u00a9Geoffrey-Bellec-SOHO-Galaxy-Pekin-1.webp&#8221; title_text=&#8221;Daandl_Evenements_Lieux_Architecture \u00a9Geoffrey Bellec SOHO Galaxy Pekin&#8221; src_tablet=&#8221;https:\/\/www.daandl.com\/wp-content\/uploads\/2025\/08\/Rectangle-73.png&#8221; src_phone=&#8221;https:\/\/www.daandl.com\/wp-content\/uploads\/2025\/08\/Rectangle-74.png&#8221; src_last_edited=&#8221;on|phone&#8221; align_tablet=&#8221;center&#8221; align_phone=&#8221;center&#8221; align_last_edited=&#8221;on|tablet&#8221; _builder_version=&#8221;4.27.4&#8243; _module_preset=&#8221;default&#8221; max_width=&#8221;318px&#8221; max_width_tablet=&#8221;318px&#8221; max_width_phone=&#8221;318px&#8221; max_width_last_edited=&#8221;on|desktop&#8221; custom_margin=&#8221;262px|||-30px|false|false&#8221; custom_margin_tablet=&#8221;50px|||-30px|false|false&#8221; custom_margin_phone=&#8221;0px|||0px|false|false&#8221; custom_margin_last_edited=&#8221;on|tablet&#8221; scroll_vertical_motion=&#8221;0|45|45|100|0.35|0|0&#8243; scroll_fade=&#8221;0|23|23|100|0|100|100&#8243; scroll_scaling=&#8221;0|45|45|100|95%|100|100&#8243; custom_css_free_form=&#8221;@media (max-width:500px){||  selector img,||   selector .et_pb_image_wrap {||    width:100% !important;||  }||}&#8221; global_colors_info=&#8221;{}&#8221;][\/et_pb_image][et_pb_text disabled_on=&#8221;off|on|on&#8221; _builder_version=&#8221;4.27.4&#8243; _module_preset=&#8221;default&#8221; text_font_size=&#8221;18px&#8221; text_line_height=&#8221;1.55em&#8221; text_orientation=&#8221;justified&#8221; custom_margin=&#8221;40px||||false|false&#8221; scroll_vertical_motion=&#8221;0|45|45|100|0.35|0|0&#8243; scroll_fade=&#8221;0|23|23|100|0|100|100&#8243; scroll_scaling=&#8221;0|45|45|100|95%|100|100&#8243; global_colors_info=&#8221;{}&#8221;]<\/p>\n<p>Og giver designere og indretningsarkitekter mulighed for at opleve B2B-kollektioner, holdbare materialer og eksklusivt h\u00e5ndv\u00e6rk p\u00e5 n\u00e6rt hold samtidig med at de skaber en personlig forbindelse til det enkelte brand. For brands er det en oplagt mulighed for at m\u00f8de kvalificerede professionelle partnere, der aktivt arbejder med projekter med stort potentiale en strategisk mulighed for at etablere langvarige relationer. <\/p>\n<p>Gennem omhyggelig planl\u00e6gning arrangerer vi en-til-en m\u00f8der, som har til form\u00e5l at skabe solide partnerskaber mellem brands, designere og indretningsarkitekter. Allerede i forberedelsesfasen st\u00f8tter vi salgsteams med grundig briefing og analyse af potentielle f\u00e6lles projekter for at sikre relevante og m\u00e5lrettede diskussioner. <\/p>\n<p>[\/et_pb_text][\/et_pb_column][\/et_pb_row][\/et_pb_section][et_pb_section fb_built=&#8221;1&#8243; custom_padding_last_edited=&#8221;on|tablet&#8221; module_id=&#8221;evt-sec-3&#8243; _builder_version=&#8221;4.27.4&#8243; _module_preset=&#8221;default&#8221; background_color=&#8221;#000000&#8243; background_image=&#8221;https:\/\/www.daandl.com\/wp-content\/uploads\/2025\/08\/cover_events_banner.webp&#8221; custom_padding=&#8221;265px||265px||true|false&#8221; custom_padding_tablet=&#8221;200px||200px||true|false&#8221; custom_padding_phone=&#8221;147.5px||147.5px||true|false&#8221; hover_enabled=&#8221;0&#8243; global_colors_info=&#8221;{}&#8221; sticky_enabled=&#8221;0&#8243;][et_pb_row _builder_version=&#8221;4.27.4&#8243; _module_preset=&#8221;default&#8221; custom_padding=&#8221;0px||0px||true|false&#8221; global_colors_info=&#8221;{}&#8221;][et_pb_column type=&#8221;4_4&#8243; _builder_version=&#8221;4.27.4&#8243; _module_preset=&#8221;default&#8221; global_colors_info=&#8221;{}&#8221;][et_pb_text _builder_version=&#8221;4.27.4&#8243; _module_preset=&#8221;default&#8221; text_text_color=&#8221;#FFFFFF&#8221; text_font_size=&#8221;16px&#8221; text_orientation=&#8221;justified&#8221; max_width=&#8221;620px&#8221; module_alignment=&#8221;center&#8221; scroll_vertical_motion=&#8221;0|30|30|100|0.35|0|0&#8243; scroll_fade=&#8221;0|23|23|100|0|100|100&#8243; scroll_scaling=&#8221;0|30|30|100|95%|100|100&#8243; global_colors_info=&#8221;{}&#8221;]<\/p>\n<p>Denne tilgang sikrer effektive og personlige m\u00f8der, som er i tr\u00e5d med alles m\u00e5ls\u00e6tninger. Brands opn\u00e5r \u00f8get synlighed og kommerciel gennemslagskraft, mens designere og indretningsarkitekter f\u00e5r adgang til nye ressourcer, styrker deres netv\u00e6rk og udforsker konkrete samarbejdsmuligheder. Vores ambition: at g\u00f8re hvert event til mere end blot en enkeltst\u00e5ende begivenhed nemlig en \u00e6gte platform for meningsfulde, varige og gensidigt v\u00e6rdifulde synergier.  <\/p>\n<p>[\/et_pb_text][\/et_pb_column][\/et_pb_row][\/et_pb_section]<\/p>\n","protected":false},"excerpt":{"rendered":"<p>Skr\u00e6ddersyede events: Varige synergier mellem brands og professionelle partnereVi udvikler og iscenes\u00e6tter events, der fungerer som reelle katalysatorer for meningsfulde m\u00f8der mellem brands, designere og indretningsarkitekter. Intime middage, eksklusive cocktails, \u00e5bent hus, individuelle m\u00f8der&#8230; Hvert format er n\u00f8je tilpasset med henblik p\u00e5 at fremme dialog, gensidig l\u00e6ring og etablering af langvarige samarbejder. Disse eksklusive arrangementer [&hellip;]<\/p>\n","protected":false},"author":2,"featured_media":0,"parent":0,"menu_order":0,"comment_status":"closed","ping_status":"closed","template":"","meta":{"_et_pb_use_builder":"on","_et_pb_old_content":"","_et_gb_content_width":"","inline_featured_image":false,"footnotes":""},"class_list":["post-1020","page","type-page","status-publish","hentry"],"_links":{"self":[{"href":"https:\/\/www.daandl.com\/da\/wp-json\/wp\/v2\/pages\/1020","targetHints":{"allow":["GET"]}}],"collection":[{"href":"https:\/\/www.daandl.com\/da\/wp-json\/wp\/v2\/pages"}],"about":[{"href":"https:\/\/www.daandl.com\/da\/wp-json\/wp\/v2\/types\/page"}],"author":[{"embeddable":true,"href":"https:\/\/www.daandl.com\/da\/wp-json\/wp\/v2\/users\/2"}],"replies":[{"embeddable":true,"href":"https:\/\/www.daandl.com\/da\/wp-json\/wp\/v2\/comments?post=1020"}],"version-history":[{"count":23,"href":"https:\/\/www.daandl.com\/da\/wp-json\/wp\/v2\/pages\/1020\/revisions"}],"predecessor-version":[{"id":2573,"href":"https:\/\/www.daandl.com\/da\/wp-json\/wp\/v2\/pages\/1020\/revisions\/2573"}],"wp:attachment":[{"href":"https:\/\/www.daandl.com\/da\/wp-json\/wp\/v2\/media?parent=1020"}],"curies":[{"name":"wp","href":"https:\/\/api.w.org\/{rel}","templated":true}]}}